{"id":700,"date":"2025-04-24T18:41:50","date_gmt":"2025-04-24T18:41:50","guid":{"rendered":"https:\/\/westsideistanbul2.com\/?page_id=700"},"modified":"2025-04-24T19:24:55","modified_gmt":"2025-04-24T19:24:55","slug":"raporlar","status":"publish","type":"page","link":"https:\/\/westsideistanbul2.com\/indexphp\/raporlar\/","title":{"rendered":"Raporlar"},"content":{"rendered":"\t\t<div data-elementor-type=\"wp-page\" data-elementor-id=\"700\" class=\"elementor elementor-700\" data-elementor-post-type=\"page\">\n\t\t\t\t<div class=\"elementor-element elementor-element-0bc3c00 e-flex e-con-boxed e-con e-parent\" data-id=\"0bc3c00\" data-element_type=\"container\" data-settings=\"{&quot;background_background&quot;:&quot;classic&quot;}\">\n\t\t\t\t\t<div class=\"e-con-inner\">\n\t\t<div class=\"elementor-element elementor-element-8fac813 e-con-full e-flex e-con e-child\" data-id=\"8fac813\" data-element_type=\"container\">\n\t\t\t\t<div class=\"elementor-element elementor-element-8a795e1 elementor-widget elementor-widget-heading\" data-id=\"8a795e1\" data-element_type=\"widget\" data-widget_type=\"heading.default\">\n\t\t\t\t<div class=\"elementor-widget-container\">\n\t\t\t<h2 class=\"elementor-heading-title elementor-size-default\">Raporlar<\/h2>\t\t<\/div>\n\t\t\t\t<\/div>\n\t\t\t\t<\/div>\n\t\t\t\t\t<\/div>\n\t\t\t\t<\/div>\n\t\t<div class=\"elementor-element elementor-element-234320b e-flex e-con-boxed e-con e-parent\" data-id=\"234320b\" data-element_type=\"container\">\n\t\t\t\t\t<div class=\"e-con-inner\">\n\t\t<div class=\"elementor-element elementor-element-1089d53 e-con-full e-flex e-con e-child\" data-id=\"1089d53\" data-element_type=\"container\">\n\t\t\t\t<div class=\"elementor-element elementor-element-b214d72 elementor-align-center elementor-widget elementor-widget-button\" data-id=\"b214d72\" data-element_type=\"widget\" data-widget_type=\"button.default\">\n\t\t\t\t<div class=\"elementor-widget-container\">\n\t\t\t\t\t\t\t<div class=\"elementor-button-wrapper\">\n\t\t\t\t\t<a class=\"elementor-button elementor-button-link elementor-size-sm\" href=\"https:\/\/westsideistanbul2.com\/rapor\/zemin-etut.pdf\">\n\t\t\t\t\t\t<span class=\"elementor-button-content-wrapper\">\n\t\t\t\t\t\t\t\t\t<span class=\"elementor-button-text\">Zemin Et\u00fct Raporu \u0130ndir<\/span>\n\t\t\t\t\t<\/span>\n\t\t\t\t\t<\/a>\n\t\t\t\t<\/div>\n\t\t\t\t\t\t<\/div>\n\t\t\t\t<\/div>\n\t\t\t\t<div class=\"elementor-element elementor-element-45c504d elementor-align-center elementor-widget elementor-widget-button\" data-id=\"45c504d\" data-element_type=\"widget\" data-widget_type=\"button.default\">\n\t\t\t\t<div class=\"elementor-widget-container\">\n\t\t\t\t\t\t\t<div class=\"elementor-button-wrapper\">\n\t\t\t\t\t<a class=\"elementor-button elementor-button-link elementor-size-sm\" href=\"https:\/\/westsideistanbul2.com\/rapor\/Beton-Dokum-Tutanagi-1510666-A1-A2-BETON-TUTANAKLARI_epa_id1510699.pdf\">\n\t\t\t\t\t\t<span class=\"elementor-button-content-wrapper\">\n\t\t\t\t\t\t\t\t\t<span class=\"elementor-button-text\">Beton D\u00f6k\u00fcm Tutana\u011f\u0131 1 \u0130ndir<\/span>\n\t\t\t\t\t<\/span>\n\t\t\t\t\t<\/a>\n\t\t\t\t<\/div>\n\t\t\t\t\t\t<\/div>\n\t\t\t\t<\/div>\n\t\t\t\t<div class=\"elementor-element elementor-element-7d10dd5 elementor-align-center elementor-widget elementor-widget-button\" data-id=\"7d10dd5\" data-element_type=\"widget\" data-widget_type=\"button.default\">\n\t\t\t\t<div class=\"elementor-widget-container\">\n\t\t\t\t\t\t\t<div class=\"elementor-button-wrapper\">\n\t\t\t\t\t<a class=\"elementor-button elementor-button-link elementor-size-sm\" href=\"https:\/\/westsideistanbul2.com\/rapor\/Beton-Dokum-Tutanagi-1510658-beton-tutanaklari_epa_id1510691.pdf\">\n\t\t\t\t\t\t<span class=\"elementor-button-content-wrapper\">\n\t\t\t\t\t\t\t\t\t<span class=\"elementor-button-text\">Beton D\u00f6k\u00fcm Tutana\u011f\u0131 2 \u0130ndir<\/span>\n\t\t\t\t\t<\/span>\n\t\t\t\t\t<\/a>\n\t\t\t\t<\/div>\n\t\t\t\t\t\t<\/div>\n\t\t\t\t<\/div>\n\t\t\t\t<div class=\"elementor-element elementor-element-eda9222 elementor-align-center elementor-widget elementor-widget-button\" data-id=\"eda9222\" data-element_type=\"widget\" data-widget_type=\"button.default\">\n\t\t\t\t<div class=\"elementor-widget-container\">\n\t\t\t\t\t\t\t<div class=\"elementor-button-wrapper\">\n\t\t\t\t\t<a class=\"elementor-button elementor-button-link elementor-size-sm\" href=\"https:\/\/westsideistanbul2.com\/rapor\/Beton-Dokum-Tutanagi-1510651-beton-tutanaklari_epa_id1510684.pdf\">\n\t\t\t\t\t\t<span class=\"elementor-button-content-wrapper\">\n\t\t\t\t\t\t\t\t\t<span class=\"elementor-button-text\">Beton D\u00f6k\u00fcm Tutana\u011f\u0131 3 \u0130ndir<\/span>\n\t\t\t\t\t<\/span>\n\t\t\t\t\t<\/a>\n\t\t\t\t<\/div>\n\t\t\t\t\t\t<\/div>\n\t\t\t\t<\/div>\n\t\t\t\t<div class=\"elementor-element elementor-element-1df1188 elementor-align-center elementor-widget elementor-widget-button\" data-id=\"1df1188\" data-element_type=\"widget\" data-widget_type=\"button.default\">\n\t\t\t\t<div class=\"elementor-widget-container\">\n\t\t\t\t\t\t\t<div class=\"elementor-button-wrapper\">\n\t\t\t\t\t<a class=\"elementor-button elementor-button-link elementor-size-sm\" href=\"https:\/\/westsideistanbul2.com\/rapor\/Beton-Dokum-Tutanagi-1510643-beton-tutanaklari_epa_id1510676.pdf\">\n\t\t\t\t\t\t<span class=\"elementor-button-content-wrapper\">\n\t\t\t\t\t\t\t\t\t<span class=\"elementor-button-text\">Beton D\u00f6k\u00fcm Tutana\u011f\u0131 4 \u0130ndir<\/span>\n\t\t\t\t\t<\/span>\n\t\t\t\t\t<\/a>\n\t\t\t\t<\/div>\n\t\t\t\t\t\t<\/div>\n\t\t\t\t<\/div>\n\t\t\t\t<div class=\"elementor-element elementor-element-8b8b6ef elementor-align-center elementor-widget elementor-widget-button\" data-id=\"8b8b6ef\" data-element_type=\"widget\" data-widget_type=\"button.default\">\n\t\t\t\t<div class=\"elementor-widget-container\">\n\t\t\t\t\t\t\t<div class=\"elementor-button-wrapper\">\n\t\t\t\t\t<a class=\"elementor-button elementor-button-link elementor-size-sm\" href=\"https:\/\/westsideistanbul2.com\/rapor\/Beton-Dokum-Tutanagi-1510636-beton-tutanaklari_epa_id1510669.pdf\">\n\t\t\t\t\t\t<span class=\"elementor-button-content-wrapper\">\n\t\t\t\t\t\t\t\t\t<span class=\"elementor-button-text\">Beton D\u00f6k\u00fcm Tutana\u011f\u0131 5 \u0130ndir<\/span>\n\t\t\t\t\t<\/span>\n\t\t\t\t\t<\/a>\n\t\t\t\t<\/div>\n\t\t\t\t\t\t<\/div>\n\t\t\t\t<\/div>\n\t\t\t\t<div class=\"elementor-element elementor-element-f2af703 elementor-align-center elementor-widget elementor-widget-button\" data-id=\"f2af703\" data-element_type=\"widget\" data-widget_type=\"button.default\">\n\t\t\t\t<div class=\"elementor-widget-container\">\n\t\t\t\t\t\t\t<div class=\"elementor-button-wrapper\">\n\t\t\t\t\t<a class=\"elementor-button elementor-button-link elementor-size-sm\" href=\"https:\/\/westsideistanbul2.com\/rapor\/Beton-Dokum-Tutanagi-1510631-beton-tutanaklari_epa_id1510664.pdf\">\n\t\t\t\t\t\t<span class=\"elementor-button-content-wrapper\">\n\t\t\t\t\t\t\t\t\t<span class=\"elementor-button-text\">Beton D\u00f6k\u00fcm Tutana\u011f\u0131 6 \u0130ndir<\/span>\n\t\t\t\t\t<\/span>\n\t\t\t\t\t<\/a>\n\t\t\t\t<\/div>\n\t\t\t\t\t\t<\/div>\n\t\t\t\t<\/div>\n\t\t\t\t<div class=\"elementor-element elementor-element-d0ec8f7 elementor-align-center elementor-widget elementor-widget-button\" data-id=\"d0ec8f7\" data-element_type=\"widget\" data-widget_type=\"button.default\">\n\t\t\t\t<div class=\"elementor-widget-container\">\n\t\t\t\t\t\t\t<div class=\"elementor-button-wrapper\">\n\t\t\t\t\t<a class=\"elementor-button elementor-button-link elementor-size-sm\" href=\"https:\/\/westsideistanbul2.com\/rapor\/Beton-Dokum-Tutanagi-1510605-beton-tutanaklari_epa_id1510638.pdf\">\n\t\t\t\t\t\t<span class=\"elementor-button-content-wrapper\">\n\t\t\t\t\t\t\t\t\t<span class=\"elementor-button-text\">Beton D\u00f6k\u00fcm Tutana\u011f\u0131 7 \u0130ndir<\/span>\n\t\t\t\t\t<\/span>\n\t\t\t\t\t<\/a>\n\t\t\t\t<\/div>\n\t\t\t\t\t\t<\/div>\n\t\t\t\t<\/div>\n\t\t\t\t<div class=\"elementor-element elementor-element-7606b8e elementor-align-center elementor-widget elementor-widget-button\" data-id=\"7606b8e\" data-element_type=\"widget\" data-widget_type=\"button.default\">\n\t\t\t\t<div class=\"elementor-widget-container\">\n\t\t\t\t\t\t\t<div class=\"elementor-button-wrapper\">\n\t\t\t\t\t<a class=\"elementor-button elementor-button-link elementor-size-sm\" href=\"https:\/\/westsideistanbul2.com\/rapor\/Beton-Dokum-Tutanagi-1510594-beton-tutanaklari_epa_id1510627.pdf\">\n\t\t\t\t\t\t<span class=\"elementor-button-content-wrapper\">\n\t\t\t\t\t\t\t\t\t<span class=\"elementor-button-text\">Beton D\u00f6k\u00fcm Tutana\u011f\u0131 8 \u0130ndir<\/span>\n\t\t\t\t\t<\/span>\n\t\t\t\t\t<\/a>\n\t\t\t\t<\/div>\n\t\t\t\t\t\t<\/div>\n\t\t\t\t<\/div>\n\t\t\t\t<div class=\"elementor-element elementor-element-f616fb9 elementor-align-center elementor-widget elementor-widget-button\" data-id=\"f616fb9\" data-element_type=\"widget\" data-widget_type=\"button.default\">\n\t\t\t\t<div class=\"elementor-widget-container\">\n\t\t\t\t\t\t\t<div class=\"elementor-button-wrapper\">\n\t\t\t\t\t<a class=\"elementor-button elementor-button-link elementor-size-sm\" href=\"https:\/\/westsideistanbul2.com\/rapor\/Beton-Dokum-Tutanagi-1483503-BETON-TUTANAKLARI_epa_id1483534.pdf\">\n\t\t\t\t\t\t<span class=\"elementor-button-content-wrapper\">\n\t\t\t\t\t\t\t\t\t<span class=\"elementor-button-text\">Beton D\u00f6k\u00fcm Tutana\u011f\u0131 9 \u0130ndir<\/span>\n\t\t\t\t\t<\/span>\n\t\t\t\t\t<\/a>\n\t\t\t\t<\/div>\n\t\t\t\t\t\t<\/div>\n\t\t\t\t<\/div>\n\t\t\t\t<div class=\"elementor-element elementor-element-d314743 elementor-align-center elementor-widget elementor-widget-button\" data-id=\"d314743\" data-element_type=\"widget\" data-widget_type=\"button.default\">\n\t\t\t\t<div class=\"elementor-widget-container\">\n\t\t\t\t\t\t\t<div class=\"elementor-button-wrapper\">\n\t\t\t\t\t<a class=\"elementor-button elementor-button-link elementor-size-sm\" href=\"https:\/\/westsideistanbul2.com\/rapor\/BBeton-Dokum-Tutanagi-1307352-G-BLOK-TUTANAK_epa_id1307378.pdf\">\n\t\t\t\t\t\t<span class=\"elementor-button-content-wrapper\">\n\t\t\t\t\t\t\t\t\t<span class=\"elementor-button-text\">Beton D\u00f6k\u00fcm Tutana\u011f\u0131 10 \u0130ndir<\/span>\n\t\t\t\t\t<\/span>\n\t\t\t\t\t<\/a>\n\t\t\t\t<\/div>\n\t\t\t\t\t\t<\/div>\n\t\t\t\t<\/div>\n\t\t\t\t<\/div>\n\t\t<div class=\"elementor-element elementor-element-aee4933 e-con-full e-flex e-con e-child\" data-id=\"aee4933\" data-element_type=\"container\">\n\t\t\t\t<div class=\"elementor-element elementor-element-944562b elementor-align-center elementor-widget elementor-widget-button\" data-id=\"944562b\" data-element_type=\"widget\" data-widget_type=\"button.default\">\n\t\t\t\t<div class=\"elementor-widget-container\">\n\t\t\t\t\t\t\t<div class=\"elementor-button-wrapper\">\n\t\t\t\t\t<a class=\"elementor-button elementor-button-link elementor-size-sm\" href=\"https:\/\/westsideistanbul2.com\/rapor\/Beton-Dokum-Tutanagi-1307336-BETON-DOKUM-TUTANAGI_epa_id1307362.pdf\">\n\t\t\t\t\t\t<span class=\"elementor-button-content-wrapper\">\n\t\t\t\t\t\t\t\t\t<span class=\"elementor-button-text\">Beton D\u00f6k\u00fcm Tutana\u011f\u0131 11 \u0130ndir<\/span>\n\t\t\t\t\t<\/span>\n\t\t\t\t\t<\/a>\n\t\t\t\t<\/div>\n\t\t\t\t\t\t<\/div>\n\t\t\t\t<\/div>\n\t\t\t\t<div class=\"elementor-element elementor-element-687bcc5 elementor-align-center elementor-widget elementor-widget-button\" data-id=\"687bcc5\" data-element_type=\"widget\" data-widget_type=\"button.default\">\n\t\t\t\t<div class=\"elementor-widget-container\">\n\t\t\t\t\t\t\t<div class=\"elementor-button-wrapper\">\n\t\t\t\t\t<a class=\"elementor-button elementor-button-link elementor-size-sm\" href=\"https:\/\/westsideistanbul2.com\/rapor\/Beton-Dokum-Tutanagi-1307187-BETON-TUTANAK_epa_id1307213.pdf\">\n\t\t\t\t\t\t<span class=\"elementor-button-content-wrapper\">\n\t\t\t\t\t\t\t\t\t<span class=\"elementor-button-text\">Beton D\u00f6k\u00fcm Tutana\u011f\u0131 12 \u0130ndir<\/span>\n\t\t\t\t\t<\/span>\n\t\t\t\t\t<\/a>\n\t\t\t\t<\/div>\n\t\t\t\t\t\t<\/div>\n\t\t\t\t<\/div>\n\t\t\t\t<div class=\"elementor-element elementor-element-025a179 elementor-align-center elementor-widget elementor-widget-button\" data-id=\"025a179\" data-element_type=\"widget\" data-widget_type=\"button.default\">\n\t\t\t\t<div class=\"elementor-widget-container\">\n\t\t\t\t\t\t\t<div class=\"elementor-button-wrapper\">\n\t\t\t\t\t<a class=\"elementor-button elementor-button-link elementor-size-sm\" href=\"https:\/\/westsideistanbul2.com\/rapor\/Beton-Basinc-Dayanim-Deneyi-Raporu-1307353-G-BLOK-RAPOR_epa_id1307379.pdf\">\n\t\t\t\t\t\t<span class=\"elementor-button-content-wrapper\">\n\t\t\t\t\t\t\t\t\t<span class=\"elementor-button-text\">Beton Bas\u0131n\u00e7 Dayan\u0131m Deneyi \u0130ndir<\/span>\n\t\t\t\t\t<\/span>\n\t\t\t\t\t<\/a>\n\t\t\t\t<\/div>\n\t\t\t\t\t\t<\/div>\n\t\t\t\t<\/div>\n\t\t\t\t<div class=\"elementor-element elementor-element-618d52d elementor-align-center elementor-widget elementor-widget-button\" data-id=\"618d52d\" data-element_type=\"widget\" data-widget_type=\"button.default\">\n\t\t\t\t<div class=\"elementor-widget-container\">\n\t\t\t\t\t\t\t<div class=\"elementor-button-wrapper\">\n\t\t\t\t\t<a class=\"elementor-button elementor-button-link elementor-size-sm\" href=\"https:\/\/westsideistanbul2.com\/rapor\/Beton-Basinc-Dayanim-Deneyi-Raporu-1307338-D-BLOK-RAPOR_epa_id1307364.pdf\">\n\t\t\t\t\t\t<span class=\"elementor-button-content-wrapper\">\n\t\t\t\t\t\t\t\t\t<span class=\"elementor-button-text\">Beton Bas\u0131n\u00e7 Dayan\u0131m Deneyi \u0130ndir<\/span>\n\t\t\t\t\t<\/span>\n\t\t\t\t\t<\/a>\n\t\t\t\t<\/div>\n\t\t\t\t\t\t<\/div>\n\t\t\t\t<\/div>\n\t\t\t\t<div class=\"elementor-element elementor-element-e009f4e elementor-widget elementor-widget-image\" data-id=\"e009f4e\" data-element_type=\"widget\" data-widget_type=\"image.default\">\n\t\t\t\t<div class=\"elementor-widget-container\">\n\t\t\t\t\t\t\t\t\t\t\t\t\t<img fetchpriority=\"high\" decoding=\"async\" width=\"1024\" height=\"682\" src=\"https:\/\/westsideistanbul2.com\/wp-content\/uploads\/2025\/04\/WhatsApp-Image-2025-04-24-at-21.43.53-1024x682.jpeg\" class=\"attachment-large size-large wp-image-671\" alt=\"\" srcset=\"https:\/\/westsideistanbul2.com\/wp-content\/uploads\/2025\/04\/WhatsApp-Image-2025-04-24-at-21.43.53-1024x682.jpeg 1024w, https:\/\/westsideistanbul2.com\/wp-content\/uploads\/2025\/04\/WhatsApp-Image-2025-04-24-at-21.43.53-300x200.jpeg 300w, https:\/\/westsideistanbul2.com\/wp-content\/uploads\/2025\/04\/WhatsApp-Image-2025-04-24-at-21.43.53-768x512.jpeg 768w, https:\/\/westsideistanbul2.com\/wp-content\/uploads\/2025\/04\/WhatsApp-Image-2025-04-24-at-21.43.53-1536x1023.jpeg 1536w, https:\/\/westsideistanbul2.com\/wp-content\/uploads\/2025\/04\/WhatsApp-Image-2025-04-24-at-21.43.53.jpeg 1600w\" sizes=\"(max-width: 1024px) 100vw, 1024px\" \/>\t\t\t\t\t\t\t\t\t\t\t\t\t<\/div>\n\t\t\t\t<\/div>\n\t\t\t\t<\/div>\n\t\t\t\t\t<\/div>\n\t\t\t\t<\/div>\n\t\t\t\t<\/div>\n\t\t","protected":false},"excerpt":{"rendered":"<p>Raporlar Zemin Et\u00fct Raporu \u0130ndir Beton D\u00f6k\u00fcm Tutana\u011f\u0131 1 \u0130ndir Beton D\u00f6k\u00fcm Tutana\u011f\u0131 2 \u0130ndir Beton D\u00f6k\u00fcm Tutana\u011f\u0131 3 \u0130ndir Beton D\u00f6k\u00fcm Tutana\u011f\u0131 4 \u0130ndir Beton D\u00f6k\u00fcm Tutana\u011f\u0131 5 \u0130ndir Beton D\u00f6k\u00fcm Tutana\u011f\u0131 6 \u0130ndir Beton D\u00f6k\u00fcm Tutana\u011f\u0131 7 \u0130ndir Beton D\u00f6k\u00fcm Tutana\u011f\u0131 8 \u0130ndir Beton D\u00f6k\u00fcm Tutana\u011f\u0131 9 \u0130ndir Beton D\u00f6k\u00fcm Tutana\u011f\u0131 10 \u0130ndir [&hellip;]<\/p>\n","protected":false},"author":1,"featured_media":0,"parent":0,"menu_order":0,"comment_status":"closed","ping_status":"closed","template":"","meta":{"footnotes":""},"class_list":["post-700","page","type-page","status-publish","hentry"],"yoast_head":"<!-- This site is optimized with the Yoast SEO plugin v24.8.1 - https:\/\/yoast.com\/wordpress\/plugins\/seo\/ -->\n<title>Raporlar - West Side \u0130stanbul2<\/title>\n<meta name=\"robots\" content=\"index, follow, max-snippet:-1, max-image-preview:large, max-video-preview:-1\" \/>\n<link rel=\"canonical\" href=\"https:\/\/westsideistanbul2.com\/indexphp\/raporlar\/\" \/>\n<meta property=\"og:locale\" content=\"tr_TR\" \/>\n<meta property=\"og:type\" content=\"article\" \/>\n<meta property=\"og:title\" content=\"Raporlar - West Side \u0130stanbul2\" \/>\n<meta property=\"og:description\" content=\"Raporlar Zemin Et\u00fct Raporu \u0130ndir Beton D\u00f6k\u00fcm Tutana\u011f\u0131 1 \u0130ndir Beton D\u00f6k\u00fcm Tutana\u011f\u0131 2 \u0130ndir Beton D\u00f6k\u00fcm Tutana\u011f\u0131 3 \u0130ndir Beton D\u00f6k\u00fcm Tutana\u011f\u0131 4 \u0130ndir Beton D\u00f6k\u00fcm Tutana\u011f\u0131 5 \u0130ndir Beton D\u00f6k\u00fcm Tutana\u011f\u0131 6 \u0130ndir Beton D\u00f6k\u00fcm Tutana\u011f\u0131 7 \u0130ndir Beton D\u00f6k\u00fcm Tutana\u011f\u0131 8 \u0130ndir Beton D\u00f6k\u00fcm Tutana\u011f\u0131 9 \u0130ndir Beton D\u00f6k\u00fcm Tutana\u011f\u0131 10 \u0130ndir [&hellip;]\" \/>\n<meta property=\"og:url\" content=\"https:\/\/westsideistanbul2.com\/indexphp\/raporlar\/\" \/>\n<meta property=\"og:site_name\" content=\"West Side \u0130stanbul2\" \/>\n<meta property=\"article:modified_time\" content=\"2025-04-24T19:24:55+00:00\" \/>\n<meta property=\"og:image\" content=\"https:\/\/westsideistanbul2.com\/wp-content\/uploads\/2025\/04\/WhatsApp-Image-2025-04-24-at-21.43.53-1024x682.jpeg\" \/>\n<meta name=\"twitter:card\" content=\"summary_large_image\" \/>\n<meta name=\"twitter:label1\" content=\"Tahmini okuma s\u00fcresi\" \/>\n\t<meta name=\"twitter:data1\" content=\"1 dakika\" \/>\n<script type=\"application\/ld+json\" class=\"yoast-schema-graph\">{\"@context\":\"https:\/\/schema.org\",\"@graph\":[{\"@type\":\"WebPage\",\"@id\":\"https:\/\/westsideistanbul2.com\/indexphp\/raporlar\/\",\"url\":\"https:\/\/westsideistanbul2.com\/indexphp\/raporlar\/\",\"name\":\"Raporlar - West Side \u0130stanbul2\",\"isPartOf\":{\"@id\":\"https:\/\/westsideistanbul2.com\/#website\"},\"primaryImageOfPage\":{\"@id\":\"https:\/\/westsideistanbul2.com\/indexphp\/raporlar\/#primaryimage\"},\"image\":{\"@id\":\"https:\/\/westsideistanbul2.com\/indexphp\/raporlar\/#primaryimage\"},\"thumbnailUrl\":\"https:\/\/westsideistanbul2.com\/wp-content\/uploads\/2025\/04\/WhatsApp-Image-2025-04-24-at-21.43.53-1024x682.jpeg\",\"datePublished\":\"2025-04-24T18:41:50+00:00\",\"dateModified\":\"2025-04-24T19:24:55+00:00\",\"breadcrumb\":{\"@id\":\"https:\/\/westsideistanbul2.com\/indexphp\/raporlar\/#breadcrumb\"},\"inLanguage\":\"tr\",\"potentialAction\":[{\"@type\":\"ReadAction\",\"target\":[\"https:\/\/westsideistanbul2.com\/indexphp\/raporlar\/\"]}]},{\"@type\":\"ImageObject\",\"inLanguage\":\"tr\",\"@id\":\"https:\/\/westsideistanbul2.com\/indexphp\/raporlar\/#primaryimage\",\"url\":\"https:\/\/westsideistanbul2.com\/wp-content\/uploads\/2025\/04\/WhatsApp-Image-2025-04-24-at-21.43.53-1024x682.jpeg\",\"contentUrl\":\"https:\/\/westsideistanbul2.com\/wp-content\/uploads\/2025\/04\/WhatsApp-Image-2025-04-24-at-21.43.53-1024x682.jpeg\"},{\"@type\":\"BreadcrumbList\",\"@id\":\"https:\/\/westsideistanbul2.com\/indexphp\/raporlar\/#breadcrumb\",\"itemListElement\":[{\"@type\":\"ListItem\",\"position\":1,\"name\":\"Anasayfa\",\"item\":\"https:\/\/westsideistanbul2.com\/\"},{\"@type\":\"ListItem\",\"position\":2,\"name\":\"Raporlar\"}]},{\"@type\":\"WebSite\",\"@id\":\"https:\/\/westsideistanbul2.com\/#website\",\"url\":\"https:\/\/westsideistanbul2.com\/\",\"name\":\"West Side \u0130stanbul2\",\"description\":\"\",\"publisher\":{\"@id\":\"https:\/\/westsideistanbul2.com\/#organization\"},\"potentialAction\":[{\"@type\":\"SearchAction\",\"target\":{\"@type\":\"EntryPoint\",\"urlTemplate\":\"https:\/\/westsideistanbul2.com\/?s={search_term_string}\"},\"query-input\":{\"@type\":\"PropertyValueSpecification\",\"valueRequired\":true,\"valueName\":\"search_term_string\"}}],\"inLanguage\":\"tr\"},{\"@type\":\"Organization\",\"@id\":\"https:\/\/westsideistanbul2.com\/#organization\",\"name\":\"West Side \u0130stanbul2\",\"url\":\"https:\/\/westsideistanbul2.com\/\",\"logo\":{\"@type\":\"ImageObject\",\"inLanguage\":\"tr\",\"@id\":\"https:\/\/westsideistanbul2.com\/#\/schema\/logo\/image\/\",\"url\":\"https:\/\/westsideistanbul2.com\/wp-content\/uploads\/2024\/11\/LOGO1.png\",\"contentUrl\":\"https:\/\/westsideistanbul2.com\/wp-content\/uploads\/2024\/11\/LOGO1.png\",\"width\":396,\"height\":152,\"caption\":\"West Side \u0130stanbul2\"},\"image\":{\"@id\":\"https:\/\/westsideistanbul2.com\/#\/schema\/logo\/image\/\"}}]}<\/script>\n<!-- \/ Yoast SEO plugin. -->","yoast_head_json":{"title":"Raporlar - West Side \u0130stanbul2","robots":{"index":"index","follow":"follow","max-snippet":"max-snippet:-1","max-image-preview":"max-image-preview:large","max-video-preview":"max-video-preview:-1"},"canonical":"https:\/\/westsideistanbul2.com\/indexphp\/raporlar\/","og_locale":"tr_TR","og_type":"article","og_title":"Raporlar - West Side \u0130stanbul2","og_description":"Raporlar Zemin Et\u00fct Raporu \u0130ndir Beton D\u00f6k\u00fcm Tutana\u011f\u0131 1 \u0130ndir Beton D\u00f6k\u00fcm Tutana\u011f\u0131 2 \u0130ndir Beton D\u00f6k\u00fcm Tutana\u011f\u0131 3 \u0130ndir Beton D\u00f6k\u00fcm Tutana\u011f\u0131 4 \u0130ndir Beton D\u00f6k\u00fcm Tutana\u011f\u0131 5 \u0130ndir Beton D\u00f6k\u00fcm Tutana\u011f\u0131 6 \u0130ndir Beton D\u00f6k\u00fcm Tutana\u011f\u0131 7 \u0130ndir Beton D\u00f6k\u00fcm Tutana\u011f\u0131 8 \u0130ndir Beton D\u00f6k\u00fcm Tutana\u011f\u0131 9 \u0130ndir Beton D\u00f6k\u00fcm Tutana\u011f\u0131 10 \u0130ndir [&hellip;]","og_url":"https:\/\/westsideistanbul2.com\/indexphp\/raporlar\/","og_site_name":"West Side \u0130stanbul2","article_modified_time":"2025-04-24T19:24:55+00:00","og_image":[{"url":"https:\/\/westsideistanbul2.com\/wp-content\/uploads\/2025\/04\/WhatsApp-Image-2025-04-24-at-21.43.53-1024x682.jpeg","type":"","width":"","height":""}],"twitter_card":"summary_large_image","twitter_misc":{"Tahmini okuma s\u00fcresi":"1 dakika"},"schema":{"@context":"https:\/\/schema.org","@graph":[{"@type":"WebPage","@id":"https:\/\/westsideistanbul2.com\/indexphp\/raporlar\/","url":"https:\/\/westsideistanbul2.com\/indexphp\/raporlar\/","name":"Raporlar - West Side \u0130stanbul2","isPartOf":{"@id":"https:\/\/westsideistanbul2.com\/#website"},"primaryImageOfPage":{"@id":"https:\/\/westsideistanbul2.com\/indexphp\/raporlar\/#primaryimage"},"image":{"@id":"https:\/\/westsideistanbul2.com\/indexphp\/raporlar\/#primaryimage"},"thumbnailUrl":"https:\/\/westsideistanbul2.com\/wp-content\/uploads\/2025\/04\/WhatsApp-Image-2025-04-24-at-21.43.53-1024x682.jpeg","datePublished":"2025-04-24T18:41:50+00:00","dateModified":"2025-04-24T19:24:55+00:00","breadcrumb":{"@id":"https:\/\/westsideistanbul2.com\/indexphp\/raporlar\/#breadcrumb"},"inLanguage":"tr","potentialAction":[{"@type":"ReadAction","target":["https:\/\/westsideistanbul2.com\/indexphp\/raporlar\/"]}]},{"@type":"ImageObject","inLanguage":"tr","@id":"https:\/\/westsideistanbul2.com\/indexphp\/raporlar\/#primaryimage","url":"https:\/\/westsideistanbul2.com\/wp-content\/uploads\/2025\/04\/WhatsApp-Image-2025-04-24-at-21.43.53-1024x682.jpeg","contentUrl":"https:\/\/westsideistanbul2.com\/wp-content\/uploads\/2025\/04\/WhatsApp-Image-2025-04-24-at-21.43.53-1024x682.jpeg"},{"@type":"BreadcrumbList","@id":"https:\/\/westsideistanbul2.com\/indexphp\/raporlar\/#breadcrumb","itemListElement":[{"@type":"ListItem","position":1,"name":"Anasayfa","item":"https:\/\/westsideistanbul2.com\/"},{"@type":"ListItem","position":2,"name":"Raporlar"}]},{"@type":"WebSite","@id":"https:\/\/westsideistanbul2.com\/#website","url":"https:\/\/westsideistanbul2.com\/","name":"West Side \u0130stanbul2","description":"","publisher":{"@id":"https:\/\/westsideistanbul2.com\/#organization"},"potentialAction":[{"@type":"SearchAction","target":{"@type":"EntryPoint","urlTemplate":"https:\/\/westsideistanbul2.com\/?s={search_term_string}"},"query-input":{"@type":"PropertyValueSpecification","valueRequired":true,"valueName":"search_term_string"}}],"inLanguage":"tr"},{"@type":"Organization","@id":"https:\/\/westsideistanbul2.com\/#organization","name":"West Side \u0130stanbul2","url":"https:\/\/westsideistanbul2.com\/","logo":{"@type":"ImageObject","inLanguage":"tr","@id":"https:\/\/westsideistanbul2.com\/#\/schema\/logo\/image\/","url":"https:\/\/westsideistanbul2.com\/wp-content\/uploads\/2024\/11\/LOGO1.png","contentUrl":"https:\/\/westsideistanbul2.com\/wp-content\/uploads\/2024\/11\/LOGO1.png","width":396,"height":152,"caption":"West Side \u0130stanbul2"},"image":{"@id":"https:\/\/westsideistanbul2.com\/#\/schema\/logo\/image\/"}}]}},"_links":{"self":[{"href":"https:\/\/westsideistanbul2.com\/index.php\/wp-json\/wp\/v2\/pages\/700","targetHints":{"allow":["GET"]}}],"collection":[{"href":"https:\/\/westsideistanbul2.com\/index.php\/wp-json\/wp\/v2\/pages"}],"about":[{"href":"https:\/\/westsideistanbul2.com\/index.php\/wp-json\/wp\/v2\/types\/page"}],"author":[{"embeddable":true,"href":"https:\/\/westsideistanbul2.com\/index.php\/wp-json\/wp\/v2\/users\/1"}],"replies":[{"embeddable":true,"href":"https:\/\/westsideistanbul2.com\/index.php\/wp-json\/wp\/v2\/comments?post=700"}],"version-history":[{"count":43,"href":"https:\/\/westsideistanbul2.com\/index.php\/wp-json\/wp\/v2\/pages\/700\/revisions"}],"predecessor-version":[{"id":776,"href":"https:\/\/westsideistanbul2.com\/index.php\/wp-json\/wp\/v2\/pages\/700\/revisions\/776"}],"wp:attachment":[{"href":"https:\/\/westsideistanbul2.com\/index.php\/wp-json\/wp\/v2\/media?parent=700"}],"curies":[{"name":"wp","href":"https:\/\/api.w.org\/{rel}","templated":true}]}}