{"id":624,"date":"2025-04-14T07:01:28","date_gmt":"2025-04-14T07:01:28","guid":{"rendered":"https:\/\/westsideistanbul2.com\/?page_id=624"},"modified":"2025-04-14T07:03:05","modified_gmt":"2025-04-14T07:03:05","slug":"organizasyon-semasi","status":"publish","type":"page","link":"https:\/\/westsideistanbul2.com\/indexphp\/organizasyon-semasi\/","title":{"rendered":"Organizasyon \u015eemas\u0131"},"content":{"rendered":"\t\t<div data-elementor-type=\"wp-page\" data-elementor-id=\"624\" class=\"elementor elementor-624\" data-elementor-post-type=\"page\">\n\t\t\t\t<div class=\"elementor-element elementor-element-d1e2ef8 e-flex e-con-boxed e-con e-parent\" data-id=\"d1e2ef8\" data-element_type=\"container\" data-settings=\"{&quot;background_background&quot;:&quot;classic&quot;}\">\n\t\t\t\t\t<div class=\"e-con-inner\">\n\t\t<div class=\"elementor-element elementor-element-737ce09 e-con-full e-flex e-con e-child\" data-id=\"737ce09\" data-element_type=\"container\">\n\t\t\t\t<div class=\"elementor-element elementor-element-64e9250 elementor-widget elementor-widget-heading\" data-id=\"64e9250\" data-element_type=\"widget\" data-widget_type=\"heading.default\">\n\t\t\t\t<div class=\"elementor-widget-container\">\n\t\t\t<h2 class=\"elementor-heading-title elementor-size-default\">Organizasyon \u015eemas\u0131<\/h2>\t\t<\/div>\n\t\t\t\t<\/div>\n\t\t\t\t<\/div>\n\t\t\t\t\t<\/div>\n\t\t\t\t<\/div>\n\t\t<div class=\"elementor-element elementor-element-fdc7f96 e-flex e-con-boxed e-con e-parent\" data-id=\"fdc7f96\" data-element_type=\"container\">\n\t\t\t\t\t<div class=\"e-con-inner\">\n\t\t\t\t<div class=\"elementor-element elementor-element-2d015fe elementor-widget elementor-widget-image\" data-id=\"2d015fe\" data-element_type=\"widget\" data-widget_type=\"image.default\">\n\t\t\t\t<div class=\"elementor-widget-container\">\n\t\t\t\t\t\t\t\t\t\t\t\t\t<img fetchpriority=\"high\" decoding=\"async\" width=\"1024\" height=\"768\" src=\"https:\/\/westsideistanbul2.com\/wp-content\/uploads\/2025\/04\/WhatsApp-Image-2025-04-02-at-13.51.05.jpeg\" class=\"attachment-large size-large wp-image-216\" alt=\"\" srcset=\"https:\/\/westsideistanbul2.com\/wp-content\/uploads\/2025\/04\/WhatsApp-Image-2025-04-02-at-13.51.05.jpeg 1024w, https:\/\/westsideistanbul2.com\/wp-content\/uploads\/2025\/04\/WhatsApp-Image-2025-04-02-at-13.51.05-300x225.jpeg 300w, https:\/\/westsideistanbul2.com\/wp-content\/uploads\/2025\/04\/WhatsApp-Image-2025-04-02-at-13.51.05-768x576.jpeg 768w\" sizes=\"(max-width: 1024px) 100vw, 1024px\" \/>\t\t\t\t\t\t\t\t\t\t\t\t\t<\/div>\n\t\t\t\t<\/div>\n\t\t\t\t\t<\/div>\n\t\t\t\t<\/div>\n\t\t\t\t<\/div>\n\t\t","protected":false},"excerpt":{"rendered":"<p>Organizasyon \u015eemas\u0131<\/p>\n","protected":false},"author":1,"featured_media":0,"parent":0,"menu_order":0,"comment_status":"closed","ping_status":"closed","template":"","meta":{"footnotes":""},"class_list":["post-624","page","type-page","status-publish","hentry"],"yoast_head":"<!-- This site is optimized with the Yoast SEO plugin v24.8.1 - https:\/\/yoast.com\/wordpress\/plugins\/seo\/ -->\n<title>Organizasyon \u015eemas\u0131 - West Side \u0130stanbul2<\/title>\n<meta name=\"robots\" content=\"index, follow, max-snippet:-1, max-image-preview:large, max-video-preview:-1\" \/>\n<link rel=\"canonical\" href=\"https:\/\/westsideistanbul2.com\/indexphp\/organizasyon-semasi\/\" \/>\n<meta property=\"og:locale\" content=\"tr_TR\" \/>\n<meta property=\"og:type\" content=\"article\" \/>\n<meta property=\"og:title\" content=\"Organizasyon \u015eemas\u0131 - West Side \u0130stanbul2\" \/>\n<meta property=\"og:description\" content=\"Organizasyon \u015eemas\u0131\" \/>\n<meta property=\"og:url\" content=\"https:\/\/westsideistanbul2.com\/indexphp\/organizasyon-semasi\/\" \/>\n<meta property=\"og:site_name\" content=\"West Side \u0130stanbul2\" \/>\n<meta property=\"article:modified_time\" content=\"2025-04-14T07:03:05+00:00\" \/>\n<meta property=\"og:image\" content=\"https:\/\/westsideistanbul2.com\/wp-content\/uploads\/2025\/04\/WhatsApp-Image-2025-04-02-at-13.51.05.jpeg\" \/>\n\t<meta property=\"og:image:width\" content=\"1024\" \/>\n\t<meta property=\"og:image:height\" content=\"768\" \/>\n\t<meta property=\"og:image:type\" content=\"image\/jpeg\" \/>\n<meta name=\"twitter:card\" content=\"summary_large_image\" \/>\n<meta name=\"twitter:label1\" content=\"Tahmini okuma s\u00fcresi\" \/>\n\t<meta name=\"twitter:data1\" content=\"1 dakika\" \/>\n<script type=\"application\/ld+json\" class=\"yoast-schema-graph\">{\"@context\":\"https:\/\/schema.org\",\"@graph\":[{\"@type\":\"WebPage\",\"@id\":\"https:\/\/westsideistanbul2.com\/indexphp\/organizasyon-semasi\/\",\"url\":\"https:\/\/westsideistanbul2.com\/indexphp\/organizasyon-semasi\/\",\"name\":\"Organizasyon \u015eemas\u0131 - West Side \u0130stanbul2\",\"isPartOf\":{\"@id\":\"https:\/\/westsideistanbul2.com\/#website\"},\"primaryImageOfPage\":{\"@id\":\"https:\/\/westsideistanbul2.com\/indexphp\/organizasyon-semasi\/#primaryimage\"},\"image\":{\"@id\":\"https:\/\/westsideistanbul2.com\/indexphp\/organizasyon-semasi\/#primaryimage\"},\"thumbnailUrl\":\"https:\/\/westsideistanbul2.com\/wp-content\/uploads\/2025\/04\/WhatsApp-Image-2025-04-02-at-13.51.05.jpeg\",\"datePublished\":\"2025-04-14T07:01:28+00:00\",\"dateModified\":\"2025-04-14T07:03:05+00:00\",\"breadcrumb\":{\"@id\":\"https:\/\/westsideistanbul2.com\/indexphp\/organizasyon-semasi\/#breadcrumb\"},\"inLanguage\":\"tr\",\"potentialAction\":[{\"@type\":\"ReadAction\",\"target\":[\"https:\/\/westsideistanbul2.com\/indexphp\/organizasyon-semasi\/\"]}]},{\"@type\":\"ImageObject\",\"inLanguage\":\"tr\",\"@id\":\"https:\/\/westsideistanbul2.com\/indexphp\/organizasyon-semasi\/#primaryimage\",\"url\":\"https:\/\/westsideistanbul2.com\/wp-content\/uploads\/2025\/04\/WhatsApp-Image-2025-04-02-at-13.51.05.jpeg\",\"contentUrl\":\"https:\/\/westsideistanbul2.com\/wp-content\/uploads\/2025\/04\/WhatsApp-Image-2025-04-02-at-13.51.05.jpeg\",\"width\":1024,\"height\":768},{\"@type\":\"BreadcrumbList\",\"@id\":\"https:\/\/westsideistanbul2.com\/indexphp\/organizasyon-semasi\/#breadcrumb\",\"itemListElement\":[{\"@type\":\"ListItem\",\"position\":1,\"name\":\"Anasayfa\",\"item\":\"https:\/\/westsideistanbul2.com\/\"},{\"@type\":\"ListItem\",\"position\":2,\"name\":\"Organizasyon \u015eemas\u0131\"}]},{\"@type\":\"WebSite\",\"@id\":\"https:\/\/westsideistanbul2.com\/#website\",\"url\":\"https:\/\/westsideistanbul2.com\/\",\"name\":\"West Side \u0130stanbul2\",\"description\":\"\",\"publisher\":{\"@id\":\"https:\/\/westsideistanbul2.com\/#organization\"},\"potentialAction\":[{\"@type\":\"SearchAction\",\"target\":{\"@type\":\"EntryPoint\",\"urlTemplate\":\"https:\/\/westsideistanbul2.com\/?s={search_term_string}\"},\"query-input\":{\"@type\":\"PropertyValueSpecification\",\"valueRequired\":true,\"valueName\":\"search_term_string\"}}],\"inLanguage\":\"tr\"},{\"@type\":\"Organization\",\"@id\":\"https:\/\/westsideistanbul2.com\/#organization\",\"name\":\"West Side \u0130stanbul2\",\"url\":\"https:\/\/westsideistanbul2.com\/\",\"logo\":{\"@type\":\"ImageObject\",\"inLanguage\":\"tr\",\"@id\":\"https:\/\/westsideistanbul2.com\/#\/schema\/logo\/image\/\",\"url\":\"https:\/\/westsideistanbul2.com\/wp-content\/uploads\/2024\/11\/LOGO1.png\",\"contentUrl\":\"https:\/\/westsideistanbul2.com\/wp-content\/uploads\/2024\/11\/LOGO1.png\",\"width\":396,\"height\":152,\"caption\":\"West Side \u0130stanbul2\"},\"image\":{\"@id\":\"https:\/\/westsideistanbul2.com\/#\/schema\/logo\/image\/\"}}]}<\/script>\n<!-- \/ Yoast SEO plugin. -->","yoast_head_json":{"title":"Organizasyon \u015eemas\u0131 - West Side \u0130stanbul2","robots":{"index":"index","follow":"follow","max-snippet":"max-snippet:-1","max-image-preview":"max-image-preview:large","max-video-preview":"max-video-preview:-1"},"canonical":"https:\/\/westsideistanbul2.com\/indexphp\/organizasyon-semasi\/","og_locale":"tr_TR","og_type":"article","og_title":"Organizasyon \u015eemas\u0131 - West Side \u0130stanbul2","og_description":"Organizasyon \u015eemas\u0131","og_url":"https:\/\/westsideistanbul2.com\/indexphp\/organizasyon-semasi\/","og_site_name":"West Side \u0130stanbul2","article_modified_time":"2025-04-14T07:03:05+00:00","og_image":[{"width":1024,"height":768,"url":"https:\/\/westsideistanbul2.com\/wp-content\/uploads\/2025\/04\/WhatsApp-Image-2025-04-02-at-13.51.05.jpeg","type":"image\/jpeg"}],"twitter_card":"summary_large_image","twitter_misc":{"Tahmini okuma s\u00fcresi":"1 dakika"},"schema":{"@context":"https:\/\/schema.org","@graph":[{"@type":"WebPage","@id":"https:\/\/westsideistanbul2.com\/indexphp\/organizasyon-semasi\/","url":"https:\/\/westsideistanbul2.com\/indexphp\/organizasyon-semasi\/","name":"Organizasyon \u015eemas\u0131 - West Side \u0130stanbul2","isPartOf":{"@id":"https:\/\/westsideistanbul2.com\/#website"},"primaryImageOfPage":{"@id":"https:\/\/westsideistanbul2.com\/indexphp\/organizasyon-semasi\/#primaryimage"},"image":{"@id":"https:\/\/westsideistanbul2.com\/indexphp\/organizasyon-semasi\/#primaryimage"},"thumbnailUrl":"https:\/\/westsideistanbul2.com\/wp-content\/uploads\/2025\/04\/WhatsApp-Image-2025-04-02-at-13.51.05.jpeg","datePublished":"2025-04-14T07:01:28+00:00","dateModified":"2025-04-14T07:03:05+00:00","breadcrumb":{"@id":"https:\/\/westsideistanbul2.com\/indexphp\/organizasyon-semasi\/#breadcrumb"},"inLanguage":"tr","potentialAction":[{"@type":"ReadAction","target":["https:\/\/westsideistanbul2.com\/indexphp\/organizasyon-semasi\/"]}]},{"@type":"ImageObject","inLanguage":"tr","@id":"https:\/\/westsideistanbul2.com\/indexphp\/organizasyon-semasi\/#primaryimage","url":"https:\/\/westsideistanbul2.com\/wp-content\/uploads\/2025\/04\/WhatsApp-Image-2025-04-02-at-13.51.05.jpeg","contentUrl":"https:\/\/westsideistanbul2.com\/wp-content\/uploads\/2025\/04\/WhatsApp-Image-2025-04-02-at-13.51.05.jpeg","width":1024,"height":768},{"@type":"BreadcrumbList","@id":"https:\/\/westsideistanbul2.com\/indexphp\/organizasyon-semasi\/#breadcrumb","itemListElement":[{"@type":"ListItem","position":1,"name":"Anasayfa","item":"https:\/\/westsideistanbul2.com\/"},{"@type":"ListItem","position":2,"name":"Organizasyon \u015eemas\u0131"}]},{"@type":"WebSite","@id":"https:\/\/westsideistanbul2.com\/#website","url":"https:\/\/westsideistanbul2.com\/","name":"West Side \u0130stanbul2","description":"","publisher":{"@id":"https:\/\/westsideistanbul2.com\/#organization"},"potentialAction":[{"@type":"SearchAction","target":{"@type":"EntryPoint","urlTemplate":"https:\/\/westsideistanbul2.com\/?s={search_term_string}"},"query-input":{"@type":"PropertyValueSpecification","valueRequired":true,"valueName":"search_term_string"}}],"inLanguage":"tr"},{"@type":"Organization","@id":"https:\/\/westsideistanbul2.com\/#organization","name":"West Side \u0130stanbul2","url":"https:\/\/westsideistanbul2.com\/","logo":{"@type":"ImageObject","inLanguage":"tr","@id":"https:\/\/westsideistanbul2.com\/#\/schema\/logo\/image\/","url":"https:\/\/westsideistanbul2.com\/wp-content\/uploads\/2024\/11\/LOGO1.png","contentUrl":"https:\/\/westsideistanbul2.com\/wp-content\/uploads\/2024\/11\/LOGO1.png","width":396,"height":152,"caption":"West Side \u0130stanbul2"},"image":{"@id":"https:\/\/westsideistanbul2.com\/#\/schema\/logo\/image\/"}}]}},"_links":{"self":[{"href":"https:\/\/westsideistanbul2.com\/index.php\/wp-json\/wp\/v2\/pages\/624","targetHints":{"allow":["GET"]}}],"collection":[{"href":"https:\/\/westsideistanbul2.com\/index.php\/wp-json\/wp\/v2\/pages"}],"about":[{"href":"https:\/\/westsideistanbul2.com\/index.php\/wp-json\/wp\/v2\/types\/page"}],"author":[{"embeddable":true,"href":"https:\/\/westsideistanbul2.com\/index.php\/wp-json\/wp\/v2\/users\/1"}],"replies":[{"embeddable":true,"href":"https:\/\/westsideistanbul2.com\/index.php\/wp-json\/wp\/v2\/comments?post=624"}],"version-history":[{"count":7,"href":"https:\/\/westsideistanbul2.com\/index.php\/wp-json\/wp\/v2\/pages\/624\/revisions"}],"predecessor-version":[{"id":634,"href":"https:\/\/westsideistanbul2.com\/index.php\/wp-json\/wp\/v2\/pages\/624\/revisions\/634"}],"wp:attachment":[{"href":"https:\/\/westsideistanbul2.com\/index.php\/wp-json\/wp\/v2\/media?parent=624"}],"curies":[{"name":"wp","href":"https:\/\/api.w.org\/{rel}","templated":true}]}}