{"id":326,"date":"2025-04-11T12:58:58","date_gmt":"2025-04-11T12:58:58","guid":{"rendered":"https:\/\/westsideistanbul2.com\/?page_id=326"},"modified":"2025-04-24T20:07:39","modified_gmt":"2025-04-24T20:07:39","slug":"kvkk","status":"publish","type":"page","link":"https:\/\/westsideistanbul2.com\/indexphp\/kvkk\/","title":{"rendered":"KVKK"},"content":{"rendered":"\t\t<div data-elementor-type=\"wp-page\" data-elementor-id=\"326\" class=\"elementor elementor-326\" data-elementor-post-type=\"page\">\n\t\t\t\t<div class=\"elementor-element elementor-element-919592b e-flex e-con-boxed e-con e-parent\" data-id=\"919592b\" data-element_type=\"container\" data-settings=\"{&quot;background_background&quot;:&quot;classic&quot;}\">\n\t\t\t\t\t<div class=\"e-con-inner\">\n\t\t<div class=\"elementor-element elementor-element-c5cffbb e-con-full e-flex e-con e-child\" data-id=\"c5cffbb\" data-element_type=\"container\">\n\t\t\t\t<div class=\"elementor-element elementor-element-5a0b79e elementor-widget elementor-widget-heading\" data-id=\"5a0b79e\" data-element_type=\"widget\" data-widget_type=\"heading.default\">\n\t\t\t\t<div class=\"elementor-widget-container\">\n\t\t\t<h2 class=\"elementor-heading-title elementor-size-default\">KVKK<\/h2>\t\t<\/div>\n\t\t\t\t<\/div>\n\t\t\t\t<\/div>\n\t\t\t\t\t<\/div>\n\t\t\t\t<\/div>\n\t\t<div class=\"elementor-element elementor-element-5d6dcf3a e-con-full e-flex e-con e-parent\" data-id=\"5d6dcf3a\" data-element_type=\"container\" data-settings=\"{&quot;background_background&quot;:&quot;classic&quot;}\">\n\t\t<div class=\"elementor-element elementor-element-5a03ff90 e-con-full e-flex e-con e-child\" data-id=\"5a03ff90\" data-element_type=\"container\" data-settings=\"{&quot;background_background&quot;:&quot;classic&quot;}\">\n\t\t\t\t<\/div>\n\t\t<div class=\"elementor-element elementor-element-51953daa e-con-full e-flex e-con e-child\" data-id=\"51953daa\" data-element_type=\"container\">\n\t\t\t\t<div class=\"elementor-element elementor-element-255392c5 elementor-widget elementor-widget-heading\" data-id=\"255392c5\" data-element_type=\"widget\" data-widget_type=\"heading.default\">\n\t\t\t\t<div class=\"elementor-widget-container\">\n\t\t\t<h5 class=\"elementor-heading-title elementor-size-default\">Site Sakini KVKK METN\u0130<\/h5>\t\t<\/div>\n\t\t\t\t<\/div>\n\t\t\t\t<div class=\"elementor-element elementor-element-10b8786b elementor-widget elementor-widget-text-editor\" data-id=\"10b8786b\" data-element_type=\"widget\" data-widget_type=\"text-editor.default\">\n\t\t\t\t<div class=\"elementor-widget-container\">\n\t\t\t\t\t\t\t<p><span class=\"Apple-converted-space\">\u00a0<\/span><b>Veri Sorumlusu: WESTS\u0130DE \u0130STANBUL2 TOPLU YAPI S\u0130TE Y\u00d6NET\u0130M\u0130<span class=\"Apple-converted-space\">\u00a0<\/span><\/b><b><\/b><\/p><p>WESTS\u0130DE \u0130STANBUL2 Toplu Yap\u0131 Site Y\u00f6netimi (Y\u00f6netim) olarak; gizlili\u011finize sayg\u0131 duyulmakta ve sizlere ait ki\u015fisel verilerin g\u00fcvenli\u011fine azami \u00f6nem vermekteyiz. Bu ama\u00e7la, y\u00f6netim olarak hizmetlerimizden faydalanan site sakinlerimiz, ba\u011f\u0131ms\u0131z b\u00f6l\u00fcm malikleri, kirac\u0131lar ve y\u00f6netim \u00e7al\u0131\u015fanlar\u0131m\u0131z d\u00e2hil site y\u00f6netimimiz ile ili\u015fkili ki\u015filerin sorumlulu\u011fumuzda bulunan ki\u015fisel verilerini, T\u00fcrkiye Cumhuriyeti Anayasas\u0131, 6698 say\u0131l\u0131 Ki\u015fisel Verilerin Korunmas\u0131 Kanunu ile y\u00fcr\u00fcrl\u00fckteki yasal mevzuat ve evrensel de\u011ferler kapsam\u0131na uygun olarak i\u015flenerek muhafaza edilmesine b\u00fcy\u00fck \u00f6nem vermekteyiz.<span class=\"Apple-converted-space\">\u00a0<\/span><\/p><p>Y\u00f6netimimiz ile site sakini s\u0131fat\u0131 ile payla\u015ft\u0131\u011f\u0131n\u0131z ki\u015fisel verileriniz KVKK\u2019ya uygun \u015fekilde, 634 say\u0131l\u0131 Kat M\u00fclkiyeti Kanunu ve di\u011fer ilgili mevzuatla y\u00fcklenilen faaliyet ve hizmet ama\u00e7lar\u0131m\u0131z ile ba\u011flant\u0131l\u0131 ve \u00f6l\u00e7\u00fcl\u00fc olarak a\u015fa\u011f\u0131da belirtildi\u011fi \u015fekilde ve mevzuat taraf\u0131ndan emredilen s\u0131n\u0131rlar \u00e7er\u00e7evesinde i\u015flenebilecek, yurti\u00e7i ve yurtd\u0131\u015f\u0131ndaki \u00fc\u00e7\u00fcnc\u00fc ki\u015filere aktar\u0131labilecek, saklanacak, profilleme i\u00e7in kullan\u0131labilecek ve s\u0131n\u0131fland\u0131r\u0131labilecektir.<span class=\"Apple-converted-space\">\u00a0<\/span><\/p><p>Bu kapsamda, KVK Kanunu\u2019nda tan\u0131ml\u0131 \u015fekli ile \u201cVeri Sorumlusu\u201d s\u0131fat\u0131yla, sizleri ayd\u0131nlatmak istiyoruz. Bilgilendirmemizde, kavramlar\u0131n tan\u0131m\u0131, verilerin hangi ama\u00e7 i\u00e7in i\u015flenece\u011fi, kimlere hangi ama\u00e7la aktar\u0131labilece\u011fi, ki\u015fisel veri toplamadaki hukuki neden ve toplama y\u00f6ntemi ile ki\u015fisel veri sahibi olarak haklar\u0131n\u0131za ili\u015fkin a\u00e7\u0131klamalar yer almaktad\u0131r.<span class=\"Apple-converted-space\">\u00a0<\/span><\/p><p><b>1.TANIMLAR<span class=\"Apple-converted-space\">\u00a0<\/span><\/b><b><\/b><\/p><p><b>Ki\u015fisel Veri: <\/b>Kimli\u011fi belirli veya belirlenebilir ger\u00e7ek ki\u015fiye ili\u015fkin her t\u00fcrl\u00fc bilgiyi,<span class=\"Apple-converted-space\">\u00a0<\/span><\/p><p><b>Ki\u015fisel Verilerin \u0130\u015flenmesi: <\/b>Ki\u015fisel verilerin tamamen veya k\u0131smen otomatik olan ya da herhangi bir veri kay\u0131t sisteminin par\u00e7as\u0131 olmak kayd\u0131yla otomatik olmayan yollarla elde edilmesi, kaydedilmesi, depolanmas\u0131, muhafaza edilmesi, de\u011fi\u015ftirilmesi, yeniden d\u00fczenlenmesi, a\u00e7\u0131klanmas\u0131, aktar\u0131lmas\u0131, devral\u0131nmas\u0131, elde edilebilir h\u00e2le getirilmesi, s\u0131n\u0131fland\u0131r\u0131lmas\u0131 ya da kullan\u0131lmas\u0131n\u0131n engellenmesi gibi veriler \u00fczerinde ger\u00e7ekle\u015ftirilen her t\u00fcrl\u00fc i\u015flemi,<span class=\"Apple-converted-space\">\u00a0<\/span><\/p><p><b>Veri Sorumlusu: <\/b>Ki\u015fisel verilerin i\u015fleme ama\u00e7lar\u0131n\u0131 ve vas\u0131talar\u0131n\u0131 belirleyen, veri kay\u0131t sisteminin kurulmas\u0131ndan ve y\u00f6netilmesinden sorumlu olan ger\u00e7ek veya t\u00fczel ki\u015fiyi,<span class=\"Apple-converted-space\">\u00a0<\/span><\/p><p><b>Veri \u0130\u015fleyen: <\/b>Veri sorumlusunun verdi\u011fi yetkiye dayanarak onun ad\u0131na ki\u015fisel verileri i\u015fleyen ger\u00e7ek veya t\u00fczel ki\u015fiyi,<span class=\"Apple-converted-space\">\u00a0<\/span><\/p><p><b>Veri Kay\u0131t Sistemi: <\/b>Ki\u015fisel verilerin belirli kriterlere g\u00f6re yap\u0131land\u0131r\u0131larak i\u015flendi\u011fi kay\u0131t sistemini,<span class=\"Apple-converted-space\">\u00a0<\/span><\/p><p><b>Anonim Hale Getirme: <\/b>Ki\u015fisel verilerin ba\u015fka verilerle e\u015fle\u015ftirilse dahi hi\u00e7bir surette kimli\u011fi belirli veya belirlenebilir bir ger\u00e7ek ki\u015fiyle ili\u015fkilendirilemeyecek hale getirilmesini, ifade eder.<span class=\"Apple-converted-space\">\u00a0<\/span><\/p><p><b>2. Ki\u015fisel Verilerin Toplanmas\u0131, \u0130\u015flenmesi ve \u0130\u015fleme Ama\u00e7lar\u0131<span class=\"Apple-converted-space\">\u00a0<\/span><\/b><b><\/b><\/p><p>Ki\u015fisel verileriniz, site y\u00f6netiminin kanundan ve y\u00f6netim plan\u0131ndan kaynaklanan g\u00f6revler ve y\u00fck\u00fcml\u00fcklerinin yerine getirilmesine ba\u011fl\u0131 olarak de\u011fi\u015fkenlik g\u00f6sterebilmekle birlikte; otomatik ya da otomatik olmayan y\u00f6ntemlerle, Y\u00f6netimimiz birimleri ve benzeri vas\u0131talarla s\u00f6zl\u00fc, yaz\u0131l\u0131 ya da elektronik olarak toplanabilecektir. Bu veriler, 6698 say\u0131l\u0131 KVKK\u2019n\u0131n<span class=\"Apple-converted-space\">\u00a0<\/span><\/p>\t\t\t\t\t\t<\/div>\n\t\t\t\t<\/div>\n\t\t\t\t<div class=\"elementor-element elementor-element-4b7eb71 elementor-widget elementor-widget-button\" data-id=\"4b7eb71\" data-element_type=\"widget\" data-widget_type=\"button.default\">\n\t\t\t\t<div class=\"elementor-widget-container\">\n\t\t\t\t\t\t\t<div class=\"elementor-button-wrapper\">\n\t\t\t\t\t<a class=\"elementor-button elementor-button-link elementor-size-sm elementor-animation-pop\" href=\"https:\/\/westsideistanbul2.com\/\/KVKK.pdf\" target=\"_blank\">\n\t\t\t\t\t\t<span class=\"elementor-button-content-wrapper\">\n\t\t\t\t\t\t\t\t\t<span class=\"elementor-button-text\">KVKK Metininin Tamam\u0131n\u0131 \u0130ndirmek  \u0130\u00e7in T\u0131klay\u0131n.<\/span>\n\t\t\t\t\t<\/span>\n\t\t\t\t\t<\/a>\n\t\t\t\t<\/div>\n\t\t\t\t\t\t<\/div>\n\t\t\t\t<\/div>\n\t\t\t\t<\/div>\n\t\t\t\t<\/div>\n\t\t<div class=\"elementor-element elementor-element-bd17763 e-con-full e-flex e-con e-parent\" data-id=\"bd17763\" data-element_type=\"container\" data-settings=\"{&quot;background_background&quot;:&quot;classic&quot;}\">\n\t\t<div class=\"elementor-element elementor-element-3fb9b06 e-con-full e-flex e-con e-child\" data-id=\"3fb9b06\" data-element_type=\"container\" data-settings=\"{&quot;background_background&quot;:&quot;classic&quot;}\">\n\t\t\t\t<\/div>\n\t\t<div class=\"elementor-element elementor-element-e71cd97 e-con-full e-flex e-con e-child\" data-id=\"e71cd97\" data-element_type=\"container\">\n\t\t\t\t<div class=\"elementor-element elementor-element-e63cee7 elementor-widget elementor-widget-heading\" data-id=\"e63cee7\" data-element_type=\"widget\" data-widget_type=\"heading.default\">\n\t\t\t\t<div class=\"elementor-widget-container\">\n\t\t\t<h5 class=\"elementor-heading-title elementor-size-default\">M\u0130SAF\u0130R VE \u00c7ALI\u015eAN KVKK METN\u0130<\/h5>\t\t<\/div>\n\t\t\t\t<\/div>\n\t\t\t\t<div class=\"elementor-element elementor-element-942e341 elementor-widget elementor-widget-text-editor\" data-id=\"942e341\" data-element_type=\"widget\" data-widget_type=\"text-editor.default\">\n\t\t\t\t<div class=\"elementor-widget-container\">\n\t\t\t\t\t\t\t<p style=\"font-weight: 400;\">Westside \u0130stanbul2 Toplu Yap\u0131 Sitesi Ki\u015fisel Verilerin Korunmas\u0131 Kanunu Kapsam\u0131nda Kamera ve Ses Kay\u0131tlar\u0131na \u0130li\u015fkin Ayd\u0131nlatma Metni<\/p><p style=\"font-weight: 400;\">Spot ayd\u0131nlatma metni, 6698 say\u0131l\u0131 ki\u015fisel verilerin korunmas\u0131 kanunu (KVKK veya kanun) ve ilgili mevzuat uyar\u0131nca, Westside \u0130stanbul2 Toplu Yap\u0131 Sitesi kamera ve ses kay\u0131tlar\u0131 kapsam\u0131ndaki veri i\u015fleme faaliyetlerine ili\u015fkin ayd\u0131nlatma y\u00fck\u00fcml\u00fcl\u00fc\u011f\u00fcn\u00fcn yerine getirilmesi amac\u0131yla haz\u0131rlanm\u0131\u015f ve bilginize sunulmu\u015ftur.<\/p><ol><li><strong>\u0130\u015fledi\u011fimiz Ki\u015fisel Verileriniz<\/strong><\/li><\/ol><p style=\"font-weight: 400;\"><strong>\u00a0<\/strong><\/p><p style=\"font-weight: 400;\">Site y\u00f6netimimizin ofis koridorlar\u0131nda bir g\u00fcn teknik mahallerinde, t\u00fcm ortak alanlar\u0131nda bir g\u00fcn asans\u00f6rlerin de bir g\u00fcl sosyal tesislerinde, ve bilumum site sakinleri site \u00e7al\u0131\u015fanlar\u0131 misafir ta\u015feron \u00f6zetle siteyi kullanan t\u00fcm ki\u015filerin takibine y\u00f6nelik olarak kapal\u0131 devre kamera sistemi (CCTV) ile g\u00f6r\u00fcnt\u00fc ve ses kayd\u0131 al\u0131nmas\u0131 yoluyla bir g\u00fcn ki\u015filerin g\u00f6r\u00fcnt\u00fcs\u00fc ve sesi \u015feklindeki ki\u015fisel verilerini i\u015flemektedir.<\/p><p style=\"font-weight: 400;\">\u00a0<\/p><ol start=\"2\"><li><strong>Ki\u015fisel Verilerinizin \u0130\u015flenme Y\u00f6ntemi ve Hukuki Sebebi<\/strong><\/li><\/ol><p style=\"font-weight: 400;\">\u00a0<\/p><p style=\"font-weight: 400;\">Site y\u00f6netimimiz, kapal\u0131 devre kamera sistemi (CCTV) ile g\u00f6r\u00fcnt\u00fc ve ses kayd\u0131 al\u0131nmas\u0131 yoluyla elde etti\u011fi ki\u015fisel verilerinizi; 4857 say\u0131l\u0131 i\u015f kanunu, 6331 say\u0131l\u0131 i\u015f sa\u011fl\u0131\u011f\u0131 ve g\u00fcvenli\u011fi kanunum, 5188 say\u0131l\u0131 \u00f6zel g\u00fcvenlik hizmetlerine dair kanun ve bu kanunlara dayanarak \u00e7\u0131kar\u0131lan y\u00f6netmelik ve tebli\u011fler dahil ancak bunlarla s\u0131n\u0131rl\u0131 olmaks\u0131z\u0131n ikincil mevzuatta a\u00e7\u0131k\u00e7a g\u00f6r\u00fclen hukuki y\u00fck\u00fcml\u00fcl\u00fcklerin yerine getirilmesi amac\u0131yla KVKK madde 5 (2)(a)\u2019da belirtilen <em>\u201ckanunlarda a\u00e7\u0131k\u00e7a \u00f6ng\u00f6r\u00fclmesi\u201d<\/em> KVKK madde 5(2)(\u00e7)\u2019de belirtilen <em>\u201cveri sorumlusunun hukuki y\u00fck\u00fcml\u00fcl\u00fc\u011f\u00fcn\u00fc yerine getirebilmesi i\u00e7in zorunlu olmas\u0131\u201d<\/em>, KVKK madde 5(2)(e)\u2019de belirtilen \u201cbir hakk\u0131n tesisi kullan\u0131lmas\u0131 veya korunmas\u0131 i\u00e7in <em>\u201cveri i\u015flemenin zorunlu olmas\u0131\u201d <\/em>ve KVKK madde 5(2)(f)\u2019de belirtilen <em>\u201cveri sorumlusu olan i\u015fletmemizin me\u015fru menfaatleri i\u00e7in veri i\u015flemesi i\u015flenmesinin zorunlu olmas\u0131\u201d<\/em> hukuki sebeplerine dayal\u0131 olarak i\u015flenmektedir.<\/p><p style=\"font-weight: 400;\">\u00a0<\/p><p style=\"font-weight: 400;\">Site y\u00f6netimimiz, ki\u015fisel verilerinizin i\u015flenmesinde T\u00fcrkiye Cumhuriyeti Anayasas\u0131, T\u00fcrkiye Cumhuriyeti\u2019nin taraf oldu\u011fu uluslararas\u0131 s\u00f6zle\u015fmeler, KVKK, KVKK dayan\u0131larak \u00e7\u0131kar\u0131lan ikincil mevzuat ve Ki\u015fisel Verileri Koruma Kurumu taraf\u0131ndan yay\u0131nlanan rehberler ve ilke kararlar ba\u015fta olmak \u00fczere ilgili mevzuat kapsam\u0131nda belirtilen veri i\u015fleme ilkelerine y\u00fck\u00fcml\u00fcl\u00fcklerini uygun davranmaktad\u0131r.<\/p>\t\t\t\t\t\t<\/div>\n\t\t\t\t<\/div>\n\t\t\t\t<div class=\"elementor-element elementor-element-e700dfd elementor-widget elementor-widget-button\" data-id=\"e700dfd\" data-element_type=\"widget\" data-widget_type=\"button.default\">\n\t\t\t\t<div class=\"elementor-widget-container\">\n\t\t\t\t\t\t\t<div class=\"elementor-button-wrapper\">\n\t\t\t\t\t<a class=\"elementor-button elementor-button-link elementor-size-sm elementor-animation-pop\" href=\"https:\/\/westsideistanbul2.com\/rapor\/KVKK-Misafir1.pdf\" target=\"_blank\">\n\t\t\t\t\t\t<span class=\"elementor-button-content-wrapper\">\n\t\t\t\t\t\t\t\t\t<span class=\"elementor-button-text\">KVKK Metininin Tamam\u0131n\u0131 \u0130ndirmek  \u0130\u00e7in T\u0131klay\u0131n.<\/span>\n\t\t\t\t\t<\/span>\n\t\t\t\t\t<\/a>\n\t\t\t\t<\/div>\n\t\t\t\t\t\t<\/div>\n\t\t\t\t<\/div>\n\t\t\t\t<\/div>\n\t\t\t\t<\/div>\n\t\t<div class=\"elementor-element elementor-element-e6ea8ea e-con-full e-flex e-con e-parent\" data-id=\"e6ea8ea\" data-element_type=\"container\" data-settings=\"{&quot;background_background&quot;:&quot;classic&quot;}\">\n\t\t<div class=\"elementor-element elementor-element-1044e5d e-con-full e-flex e-con e-child\" data-id=\"1044e5d\" data-element_type=\"container\" data-settings=\"{&quot;background_background&quot;:&quot;classic&quot;}\">\n\t\t\t\t<\/div>\n\t\t<div class=\"elementor-element elementor-element-ad7ddcb e-con-full e-flex e-con e-child\" data-id=\"ad7ddcb\" data-element_type=\"container\">\n\t\t\t\t<div class=\"elementor-element elementor-element-dddc90c elementor-widget elementor-widget-heading\" data-id=\"dddc90c\" data-element_type=\"widget\" data-widget_type=\"heading.default\">\n\t\t\t\t<div class=\"elementor-widget-container\">\n\t\t\t<h5 class=\"elementor-heading-title elementor-size-default\"> G\u00dcVENL\u0130K \u00d6NLEMLER\u0130 SEBEB\u0130YLE KAMERA KAYIT S\u0130STEMLER\u0130 HAKKINDA B\u0130LG\u0130LEND\u0130RME<\/h5>\t\t<\/div>\n\t\t\t\t<\/div>\n\t\t\t\t<div class=\"elementor-element elementor-element-ee38d21 elementor-widget elementor-widget-text-editor\" data-id=\"ee38d21\" data-element_type=\"widget\" data-widget_type=\"text-editor.default\">\n\t\t\t\t<div class=\"elementor-widget-container\">\n\t\t\t\t\t\t\t<p class=\"p1\">Bu ayd\u0131nlatma metni 6698 say\u0131l\u0131 ki\u015fisel verilerin korunmas\u0131 kanunun (kanun) uyar\u0131nca veri sorumlusu s\u0131fat\u0131yla hareket eden Westside \u0130stanbul 2 Toplu Yap\u0131 Sitesi taraf\u0131ndan, sitenin kanuna uygun olarak site b\u00fcnyesindeki \u00e7al\u0131\u015fanlar\u0131 ve y\u00f6netim merkezi ile siteyi ziyaret eden misafirlere ait g\u00f6rsel ve i\u015fitsel nitelikte ki\u015fisel verilerin i\u015flenmesine ili\u015fkin a\u00e7\u0131klamalarda bulunmak ve bilgilendirmek amac\u0131yla kaleme al\u0131nm\u0131\u015ft\u0131r.<\/p>\t\t\t\t\t\t<\/div>\n\t\t\t\t<\/div>\n\t\t\t\t<div class=\"elementor-element elementor-element-edda364 elementor-widget elementor-widget-button\" data-id=\"edda364\" data-element_type=\"widget\" data-widget_type=\"button.default\">\n\t\t\t\t<div class=\"elementor-widget-container\">\n\t\t\t\t\t\t\t<div class=\"elementor-button-wrapper\">\n\t\t\t\t\t<a class=\"elementor-button elementor-button-link elementor-size-sm elementor-animation-pop\" href=\"https:\/\/westsideistanbul2.com\/rapor\/kamera.pdf\" target=\"_blank\">\n\t\t\t\t\t\t<span class=\"elementor-button-content-wrapper\">\n\t\t\t\t\t\t\t\t\t<span class=\"elementor-button-text\">Kamera Metnin Tamam\u0131n\u0131 \u0130ndirmek  \u0130\u00e7in T\u0131klay\u0131n.<\/span>\n\t\t\t\t\t<\/span>\n\t\t\t\t\t<\/a>\n\t\t\t\t<\/div>\n\t\t\t\t\t\t<\/div>\n\t\t\t\t<\/div>\n\t\t\t\t<\/div>\n\t\t\t\t<\/div>\n\t\t\t\t<\/div>\n\t\t","protected":false},"excerpt":{"rendered":"<p>KVKK Site Sakini KVKK METN\u0130 \u00a0Veri Sorumlusu: WESTS\u0130DE \u0130STANBUL2 TOPLU YAPI S\u0130TE Y\u00d6NET\u0130M\u0130\u00a0 WESTS\u0130DE \u0130STANBUL2 Toplu Yap\u0131 Site Y\u00f6netimi (Y\u00f6netim) olarak; gizlili\u011finize sayg\u0131 duyulmakta ve sizlere ait ki\u015fisel verilerin g\u00fcvenli\u011fine azami \u00f6nem vermekteyiz. Bu ama\u00e7la, y\u00f6netim olarak hizmetlerimizden faydalanan site sakinlerimiz, ba\u011f\u0131ms\u0131z b\u00f6l\u00fcm malikleri, kirac\u0131lar ve y\u00f6netim \u00e7al\u0131\u015fanlar\u0131m\u0131z d\u00e2hil site y\u00f6netimimiz ile ili\u015fkili ki\u015filerin sorumlulu\u011fumuzda [&hellip;]<\/p>\n","protected":false},"author":1,"featured_media":0,"parent":0,"menu_order":0,"comment_status":"closed","ping_status":"closed","template":"","meta":{"footnotes":""},"class_list":["post-326","page","type-page","status-publish","hentry"],"yoast_head":"<!-- This site is optimized with the Yoast SEO plugin v24.8.1 - https:\/\/yoast.com\/wordpress\/plugins\/seo\/ -->\n<title>KVKK - West Side \u0130stanbul2<\/title>\n<meta name=\"robots\" content=\"index, follow, max-snippet:-1, max-image-preview:large, max-video-preview:-1\" \/>\n<link rel=\"canonical\" href=\"https:\/\/westsideistanbul2.com\/indexphp\/kvkk\/\" \/>\n<meta property=\"og:locale\" content=\"tr_TR\" \/>\n<meta property=\"og:type\" content=\"article\" \/>\n<meta property=\"og:title\" content=\"KVKK - West Side \u0130stanbul2\" \/>\n<meta property=\"og:description\" content=\"KVKK Site Sakini KVKK METN\u0130 \u00a0Veri Sorumlusu: WESTS\u0130DE \u0130STANBUL2 TOPLU YAPI S\u0130TE Y\u00d6NET\u0130M\u0130\u00a0 WESTS\u0130DE \u0130STANBUL2 Toplu Yap\u0131 Site Y\u00f6netimi (Y\u00f6netim) olarak; gizlili\u011finize sayg\u0131 duyulmakta ve sizlere ait ki\u015fisel verilerin g\u00fcvenli\u011fine azami \u00f6nem vermekteyiz. Bu ama\u00e7la, y\u00f6netim olarak hizmetlerimizden faydalanan site sakinlerimiz, ba\u011f\u0131ms\u0131z b\u00f6l\u00fcm malikleri, kirac\u0131lar ve y\u00f6netim \u00e7al\u0131\u015fanlar\u0131m\u0131z d\u00e2hil site y\u00f6netimimiz ile ili\u015fkili ki\u015filerin sorumlulu\u011fumuzda [&hellip;]\" \/>\n<meta property=\"og:url\" content=\"https:\/\/westsideistanbul2.com\/indexphp\/kvkk\/\" \/>\n<meta property=\"og:site_name\" content=\"West Side \u0130stanbul2\" \/>\n<meta property=\"article:modified_time\" content=\"2025-04-24T20:07:39+00:00\" \/>\n<meta name=\"twitter:card\" content=\"summary_large_image\" \/>\n<meta name=\"twitter:label1\" content=\"Tahmini okuma s\u00fcresi\" \/>\n\t<meta name=\"twitter:data1\" content=\"5 dakika\" \/>\n<script type=\"application\/ld+json\" class=\"yoast-schema-graph\">{\"@context\":\"https:\/\/schema.org\",\"@graph\":[{\"@type\":\"WebPage\",\"@id\":\"https:\/\/westsideistanbul2.com\/indexphp\/kvkk\/\",\"url\":\"https:\/\/westsideistanbul2.com\/indexphp\/kvkk\/\",\"name\":\"KVKK - West Side \u0130stanbul2\",\"isPartOf\":{\"@id\":\"https:\/\/westsideistanbul2.com\/#website\"},\"datePublished\":\"2025-04-11T12:58:58+00:00\",\"dateModified\":\"2025-04-24T20:07:39+00:00\",\"breadcrumb\":{\"@id\":\"https:\/\/westsideistanbul2.com\/indexphp\/kvkk\/#breadcrumb\"},\"inLanguage\":\"tr\",\"potentialAction\":[{\"@type\":\"ReadAction\",\"target\":[\"https:\/\/westsideistanbul2.com\/indexphp\/kvkk\/\"]}]},{\"@type\":\"BreadcrumbList\",\"@id\":\"https:\/\/westsideistanbul2.com\/indexphp\/kvkk\/#breadcrumb\",\"itemListElement\":[{\"@type\":\"ListItem\",\"position\":1,\"name\":\"Anasayfa\",\"item\":\"https:\/\/westsideistanbul2.com\/\"},{\"@type\":\"ListItem\",\"position\":2,\"name\":\"KVKK\"}]},{\"@type\":\"WebSite\",\"@id\":\"https:\/\/westsideistanbul2.com\/#website\",\"url\":\"https:\/\/westsideistanbul2.com\/\",\"name\":\"West Side \u0130stanbul2\",\"description\":\"\",\"publisher\":{\"@id\":\"https:\/\/westsideistanbul2.com\/#organization\"},\"potentialAction\":[{\"@type\":\"SearchAction\",\"target\":{\"@type\":\"EntryPoint\",\"urlTemplate\":\"https:\/\/westsideistanbul2.com\/?s={search_term_string}\"},\"query-input\":{\"@type\":\"PropertyValueSpecification\",\"valueRequired\":true,\"valueName\":\"search_term_string\"}}],\"inLanguage\":\"tr\"},{\"@type\":\"Organization\",\"@id\":\"https:\/\/westsideistanbul2.com\/#organization\",\"name\":\"West Side \u0130stanbul2\",\"url\":\"https:\/\/westsideistanbul2.com\/\",\"logo\":{\"@type\":\"ImageObject\",\"inLanguage\":\"tr\",\"@id\":\"https:\/\/westsideistanbul2.com\/#\/schema\/logo\/image\/\",\"url\":\"https:\/\/westsideistanbul2.com\/wp-content\/uploads\/2024\/11\/LOGO1.png\",\"contentUrl\":\"https:\/\/westsideistanbul2.com\/wp-content\/uploads\/2024\/11\/LOGO1.png\",\"width\":396,\"height\":152,\"caption\":\"West Side \u0130stanbul2\"},\"image\":{\"@id\":\"https:\/\/westsideistanbul2.com\/#\/schema\/logo\/image\/\"}}]}<\/script>\n<!-- \/ Yoast SEO plugin. -->","yoast_head_json":{"title":"KVKK - West Side \u0130stanbul2","robots":{"index":"index","follow":"follow","max-snippet":"max-snippet:-1","max-image-preview":"max-image-preview:large","max-video-preview":"max-video-preview:-1"},"canonical":"https:\/\/westsideistanbul2.com\/indexphp\/kvkk\/","og_locale":"tr_TR","og_type":"article","og_title":"KVKK - West Side \u0130stanbul2","og_description":"KVKK Site Sakini KVKK METN\u0130 \u00a0Veri Sorumlusu: WESTS\u0130DE \u0130STANBUL2 TOPLU YAPI S\u0130TE Y\u00d6NET\u0130M\u0130\u00a0 WESTS\u0130DE \u0130STANBUL2 Toplu Yap\u0131 Site Y\u00f6netimi (Y\u00f6netim) olarak; gizlili\u011finize sayg\u0131 duyulmakta ve sizlere ait ki\u015fisel verilerin g\u00fcvenli\u011fine azami \u00f6nem vermekteyiz. Bu ama\u00e7la, y\u00f6netim olarak hizmetlerimizden faydalanan site sakinlerimiz, ba\u011f\u0131ms\u0131z b\u00f6l\u00fcm malikleri, kirac\u0131lar ve y\u00f6netim \u00e7al\u0131\u015fanlar\u0131m\u0131z d\u00e2hil site y\u00f6netimimiz ile ili\u015fkili ki\u015filerin sorumlulu\u011fumuzda [&hellip;]","og_url":"https:\/\/westsideistanbul2.com\/indexphp\/kvkk\/","og_site_name":"West Side \u0130stanbul2","article_modified_time":"2025-04-24T20:07:39+00:00","twitter_card":"summary_large_image","twitter_misc":{"Tahmini okuma s\u00fcresi":"5 dakika"},"schema":{"@context":"https:\/\/schema.org","@graph":[{"@type":"WebPage","@id":"https:\/\/westsideistanbul2.com\/indexphp\/kvkk\/","url":"https:\/\/westsideistanbul2.com\/indexphp\/kvkk\/","name":"KVKK - West Side \u0130stanbul2","isPartOf":{"@id":"https:\/\/westsideistanbul2.com\/#website"},"datePublished":"2025-04-11T12:58:58+00:00","dateModified":"2025-04-24T20:07:39+00:00","breadcrumb":{"@id":"https:\/\/westsideistanbul2.com\/indexphp\/kvkk\/#breadcrumb"},"inLanguage":"tr","potentialAction":[{"@type":"ReadAction","target":["https:\/\/westsideistanbul2.com\/indexphp\/kvkk\/"]}]},{"@type":"BreadcrumbList","@id":"https:\/\/westsideistanbul2.com\/indexphp\/kvkk\/#breadcrumb","itemListElement":[{"@type":"ListItem","position":1,"name":"Anasayfa","item":"https:\/\/westsideistanbul2.com\/"},{"@type":"ListItem","position":2,"name":"KVKK"}]},{"@type":"WebSite","@id":"https:\/\/westsideistanbul2.com\/#website","url":"https:\/\/westsideistanbul2.com\/","name":"West Side \u0130stanbul2","description":"","publisher":{"@id":"https:\/\/westsideistanbul2.com\/#organization"},"potentialAction":[{"@type":"SearchAction","target":{"@type":"EntryPoint","urlTemplate":"https:\/\/westsideistanbul2.com\/?s={search_term_string}"},"query-input":{"@type":"PropertyValueSpecification","valueRequired":true,"valueName":"search_term_string"}}],"inLanguage":"tr"},{"@type":"Organization","@id":"https:\/\/westsideistanbul2.com\/#organization","name":"West Side \u0130stanbul2","url":"https:\/\/westsideistanbul2.com\/","logo":{"@type":"ImageObject","inLanguage":"tr","@id":"https:\/\/westsideistanbul2.com\/#\/schema\/logo\/image\/","url":"https:\/\/westsideistanbul2.com\/wp-content\/uploads\/2024\/11\/LOGO1.png","contentUrl":"https:\/\/westsideistanbul2.com\/wp-content\/uploads\/2024\/11\/LOGO1.png","width":396,"height":152,"caption":"West Side \u0130stanbul2"},"image":{"@id":"https:\/\/westsideistanbul2.com\/#\/schema\/logo\/image\/"}}]}},"_links":{"self":[{"href":"https:\/\/westsideistanbul2.com\/index.php\/wp-json\/wp\/v2\/pages\/326","targetHints":{"allow":["GET"]}}],"collection":[{"href":"https:\/\/westsideistanbul2.com\/index.php\/wp-json\/wp\/v2\/pages"}],"about":[{"href":"https:\/\/westsideistanbul2.com\/index.php\/wp-json\/wp\/v2\/types\/page"}],"author":[{"embeddable":true,"href":"https:\/\/westsideistanbul2.com\/index.php\/wp-json\/wp\/v2\/users\/1"}],"replies":[{"embeddable":true,"href":"https:\/\/westsideistanbul2.com\/index.php\/wp-json\/wp\/v2\/comments?post=326"}],"version-history":[{"count":94,"href":"https:\/\/westsideistanbul2.com\/index.php\/wp-json\/wp\/v2\/pages\/326\/revisions"}],"predecessor-version":[{"id":806,"href":"https:\/\/westsideistanbul2.com\/index.php\/wp-json\/wp\/v2\/pages\/326\/revisions\/806"}],"wp:attachment":[{"href":"https:\/\/westsideistanbul2.com\/index.php\/wp-json\/wp\/v2\/media?parent=326"}],"curies":[{"name":"wp","href":"https:\/\/api.w.org\/{rel}","templated":true}]}}