{"id":290,"date":"2025-04-11T08:51:29","date_gmt":"2025-04-11T08:51:29","guid":{"rendered":"https:\/\/westsideistanbul2.com\/?page_id=290"},"modified":"2025-04-24T20:09:27","modified_gmt":"2025-04-24T20:09:27","slug":"kurallar","status":"publish","type":"page","link":"https:\/\/westsideistanbul2.com\/indexphp\/kurallar\/","title":{"rendered":"Kurallar"},"content":{"rendered":"\t\t<div data-elementor-type=\"wp-page\" data-elementor-id=\"290\" class=\"elementor elementor-290\" data-elementor-post-type=\"page\">\n\t\t\t\t<div class=\"elementor-element elementor-element-46ac279 e-flex e-con-boxed e-con e-parent\" data-id=\"46ac279\" data-element_type=\"container\" data-settings=\"{&quot;background_background&quot;:&quot;classic&quot;}\">\n\t\t\t\t\t<div class=\"e-con-inner\">\n\t\t<div class=\"elementor-element elementor-element-3ec25b7 e-con-full e-flex e-con e-child\" data-id=\"3ec25b7\" data-element_type=\"container\">\n\t\t\t\t<div class=\"elementor-element elementor-element-5ac3513 elementor-widget elementor-widget-heading\" data-id=\"5ac3513\" data-element_type=\"widget\" data-widget_type=\"heading.default\">\n\t\t\t\t<div class=\"elementor-widget-container\">\n\t\t\t<h2 class=\"elementor-heading-title elementor-size-default\">Ya\u015fam Kurallar\u0131<\/h2>\t\t<\/div>\n\t\t\t\t<\/div>\n\t\t\t\t<\/div>\n\t\t\t\t\t<\/div>\n\t\t\t\t<\/div>\n\t\t<div class=\"elementor-element elementor-element-2d229f3 e-con-full e-flex e-con e-parent\" data-id=\"2d229f3\" data-element_type=\"container\" data-settings=\"{&quot;background_background&quot;:&quot;classic&quot;}\">\n\t\t<div class=\"elementor-element elementor-element-248fa5f e-con-full e-flex e-con e-child\" data-id=\"248fa5f\" data-element_type=\"container\" data-settings=\"{&quot;background_background&quot;:&quot;classic&quot;}\">\n\t\t\t\t<\/div>\n\t\t<div class=\"elementor-element elementor-element-e25b3f1 e-con-full e-flex e-con e-child\" data-id=\"e25b3f1\" data-element_type=\"container\">\n\t\t\t\t<div class=\"elementor-element elementor-element-0ca505d elementor-widget elementor-widget-heading\" data-id=\"0ca505d\" data-element_type=\"widget\" data-widget_type=\"heading.default\">\n\t\t\t\t<div class=\"elementor-widget-container\">\n\t\t\t<h5 class=\"elementor-heading-title elementor-size-default\">Site Ya\u015fam Kurallar\u0131<\/h5>\t\t<\/div>\n\t\t\t\t<\/div>\n\t\t\t\t<div class=\"elementor-element elementor-element-b940514 elementor-widget elementor-widget-text-editor\" data-id=\"b940514\" data-element_type=\"widget\" data-widget_type=\"text-editor.default\">\n\t\t\t\t<div class=\"elementor-widget-container\">\n\t\t\t\t\t\t\t<p><strong>Ama\u00e7:<\/strong><\/p><p>WEST S\u0130DE-2 S\u0130TE Y\u00d6NET\u0130C\u0130L\u0130\u011e\u0130 Bar\u0131\u015f Mah. 810 Ada 3 Parsel WESTSIDE-2 Beylikdu\u0308zu\u0308\/\u0130stanbul adresinde bulunan site sakinlerinin, gu\u0308venli\u011finin ve huzurunun su\u0308reklili\u011fini e\u015fitlik ilkesine sad\u0131k kalarak sa\u011flamak amac\u0131yla Toplu Yap\u0131 Y\u00f6netim Plan\u0131nda belirtilen yetki ve sorumluluklar\u0131n Y\u00f6netim kurulu taraf\u0131ndan belirlenmesi, kat malikleri ve kirac\u0131lar\u0131n uymas\u0131 gereken kurallar\u0131 tan\u0131mlamakt\u0131r.<\/p>\t\t\t\t\t\t<\/div>\n\t\t\t\t<\/div>\n\t\t\t\t<div class=\"elementor-element elementor-element-b710a15 elementor-widget elementor-widget-text-editor\" data-id=\"b710a15\" data-element_type=\"widget\" data-widget_type=\"text-editor.default\">\n\t\t\t\t<div class=\"elementor-widget-container\">\n\t\t\t\t\t\t\t<p><strong>Kapsam ve Ge\u00e7erlilik:<\/strong><\/p><p>Bu kurallar, WESTSIDE-2 site sakinleri i\u00e7in ge\u00e7erlidir. Site dahilinde kullan\u0131lan tu\u0308m ortak alanlar, ta\u015f\u0131nabilir ve ta\u015f\u0131nmaz tu\u0308m demirba\u015flar da bu kurallar kapsam\u0131ndad\u0131r. WESTSIDE-2 sitesi sakini olmayan ve sitede ge\u00e7ici olarak bulunan ki\u015filer ve site sakinlerinde, sosyal tesis i\u015fletilmesinde ve ge\u00e7ici g\u00f6rev ile site i\u00e7inde g\u00f6revli bulunan ki\u015filerde d\u00e2hil olmak u\u0308zere, site i\u00e7inde bulunan tu\u0308m ki\u015filer i\u00e7in ge\u00e7erlidir.<\/p>\t\t\t\t\t\t<\/div>\n\t\t\t\t<\/div>\n\t\t\t\t<div class=\"elementor-element elementor-element-a7fab22 elementor-widget elementor-widget-text-editor\" data-id=\"a7fab22\" data-element_type=\"widget\" data-widget_type=\"text-editor.default\">\n\t\t\t\t<div class=\"elementor-widget-container\">\n\t\t\t\t\t\t\t<p><strong>Yasal Yapt\u0131r\u0131mlar:<\/strong><\/p><p>Bu doku\u0308manda tan\u0131mlanm\u0131\u015f kurallara \u00a0uyulmamas\u0131, hatal\u0131, uygunsuz ve genel ahlaka ayk\u0131r\u0131 davran\u0131\u015flarda bulunulmas\u0131, ayl\u0131k aidatlar\u0131n zaman\u0131nda \u00f6denmemesi, di\u011fer ba\u011f\u0131ms\u0131z b\u00f6lu\u0308m maliklerinin haklar\u0131na \u00e7ekilmez hale gelecek derecede ayk\u0131r\u0131 davran\u0131lmas\u0131 ve bu kurals\u0131zl\u0131klarda \u0131srar edilmesi halinde, yu\u0308ru\u0308rlu\u0308kteki yasal yapt\u0131r\u0131mlar ve hu\u0308ku\u0308mler uygulan\u0131r. Bu yasal yapt\u0131r\u0131mlardan kas\u0131t; 634 say\u0131l\u0131 kanun, Bor\u00e7lar Kanunu, Medeni Kanun, Yarg\u0131sal \u0130\u00e7tihat ve uygulamalar, \u0130dari Uygulamalar ve \u00f6zel y\u00f6netmelik, tu\u0308zu\u0308k ve genelgelerdir. Bu konuda s\u0131n\u0131rl\u0131 olmamak u\u0308zere a\u015fa\u011f\u0131daki yapt\u0131r\u0131mlar \u00f6rnek olarak belirtilmi\u015ftir.<\/p>\t\t\t\t\t\t<\/div>\n\t\t\t\t<\/div>\n\t\t\t\t<div class=\"elementor-element elementor-element-729758d elementor-widget elementor-widget-button\" data-id=\"729758d\" data-element_type=\"widget\" data-widget_type=\"button.default\">\n\t\t\t\t<div class=\"elementor-widget-container\">\n\t\t\t\t\t\t\t<div class=\"elementor-button-wrapper\">\n\t\t\t\t\t<a class=\"elementor-button elementor-button-link elementor-size-sm elementor-animation-pop\" href=\"https:\/\/westsideistanbul2.com\/\/site-kurallar.pdf\" target=\"_blank\">\n\t\t\t\t\t\t<span class=\"elementor-button-content-wrapper\">\n\t\t\t\t\t\t\t\t\t<span class=\"elementor-button-text\">Ya\u015fam Kurallar\u0131n\u0131n Tamam\u0131n\u0131 \u0130ndir<\/span>\n\t\t\t\t\t<\/span>\n\t\t\t\t\t<\/a>\n\t\t\t\t<\/div>\n\t\t\t\t\t\t<\/div>\n\t\t\t\t<\/div>\n\t\t\t\t<\/div>\n\t\t\t\t<\/div>\n\t\t\t\t<\/div>\n\t\t","protected":false},"excerpt":{"rendered":"<p>Ya\u015fam Kurallar\u0131 Site Ya\u015fam Kurallar\u0131 Ama\u00e7: WEST S\u0130DE-2 S\u0130TE Y\u00d6NET\u0130C\u0130L\u0130\u011e\u0130 Bar\u0131\u015f Mah. 810 Ada 3 Parsel WESTSIDE-2 Beylikdu\u0308zu\u0308\/\u0130stanbul adresinde bulunan site sakinlerinin, gu\u0308venli\u011finin ve huzurunun su\u0308reklili\u011fini e\u015fitlik ilkesine sad\u0131k kalarak sa\u011flamak amac\u0131yla Toplu Yap\u0131 Y\u00f6netim Plan\u0131nda belirtilen yetki ve sorumluluklar\u0131n Y\u00f6netim kurulu taraf\u0131ndan belirlenmesi, kat malikleri ve kirac\u0131lar\u0131n uymas\u0131 gereken kurallar\u0131 tan\u0131mlamakt\u0131r. Kapsam ve Ge\u00e7erlilik: [&hellip;]<\/p>\n","protected":false},"author":1,"featured_media":0,"parent":0,"menu_order":0,"comment_status":"closed","ping_status":"closed","template":"","meta":{"footnotes":""},"class_list":["post-290","page","type-page","status-publish","hentry"],"yoast_head":"<!-- This site is optimized with the Yoast SEO plugin v24.8.1 - https:\/\/yoast.com\/wordpress\/plugins\/seo\/ -->\n<title>Kurallar - West Side \u0130stanbul2<\/title>\n<meta name=\"robots\" content=\"index, follow, max-snippet:-1, max-image-preview:large, max-video-preview:-1\" \/>\n<link rel=\"canonical\" href=\"https:\/\/westsideistanbul2.com\/indexphp\/kurallar\/\" \/>\n<meta property=\"og:locale\" content=\"tr_TR\" \/>\n<meta property=\"og:type\" content=\"article\" \/>\n<meta property=\"og:title\" content=\"Kurallar - West Side \u0130stanbul2\" \/>\n<meta property=\"og:description\" content=\"Ya\u015fam Kurallar\u0131 Site Ya\u015fam Kurallar\u0131 Ama\u00e7: WEST S\u0130DE-2 S\u0130TE Y\u00d6NET\u0130C\u0130L\u0130\u011e\u0130 Bar\u0131\u015f Mah. 810 Ada 3 Parsel WESTSIDE-2 Beylikdu\u0308zu\u0308\/\u0130stanbul adresinde bulunan site sakinlerinin, gu\u0308venli\u011finin ve huzurunun su\u0308reklili\u011fini e\u015fitlik ilkesine sad\u0131k kalarak sa\u011flamak amac\u0131yla Toplu Yap\u0131 Y\u00f6netim Plan\u0131nda belirtilen yetki ve sorumluluklar\u0131n Y\u00f6netim kurulu taraf\u0131ndan belirlenmesi, kat malikleri ve kirac\u0131lar\u0131n uymas\u0131 gereken kurallar\u0131 tan\u0131mlamakt\u0131r. Kapsam ve Ge\u00e7erlilik: [&hellip;]\" \/>\n<meta property=\"og:url\" content=\"https:\/\/westsideistanbul2.com\/indexphp\/kurallar\/\" \/>\n<meta property=\"og:site_name\" content=\"West Side \u0130stanbul2\" \/>\n<meta property=\"article:modified_time\" content=\"2025-04-24T20:09:27+00:00\" \/>\n<meta name=\"twitter:card\" content=\"summary_large_image\" \/>\n<meta name=\"twitter:label1\" content=\"Tahmini okuma s\u00fcresi\" \/>\n\t<meta name=\"twitter:data1\" content=\"2 dakika\" \/>\n<script type=\"application\/ld+json\" class=\"yoast-schema-graph\">{\"@context\":\"https:\/\/schema.org\",\"@graph\":[{\"@type\":\"WebPage\",\"@id\":\"https:\/\/westsideistanbul2.com\/indexphp\/kurallar\/\",\"url\":\"https:\/\/westsideistanbul2.com\/indexphp\/kurallar\/\",\"name\":\"Kurallar - West Side \u0130stanbul2\",\"isPartOf\":{\"@id\":\"https:\/\/westsideistanbul2.com\/#website\"},\"datePublished\":\"2025-04-11T08:51:29+00:00\",\"dateModified\":\"2025-04-24T20:09:27+00:00\",\"breadcrumb\":{\"@id\":\"https:\/\/westsideistanbul2.com\/indexphp\/kurallar\/#breadcrumb\"},\"inLanguage\":\"tr\",\"potentialAction\":[{\"@type\":\"ReadAction\",\"target\":[\"https:\/\/westsideistanbul2.com\/indexphp\/kurallar\/\"]}]},{\"@type\":\"BreadcrumbList\",\"@id\":\"https:\/\/westsideistanbul2.com\/indexphp\/kurallar\/#breadcrumb\",\"itemListElement\":[{\"@type\":\"ListItem\",\"position\":1,\"name\":\"Anasayfa\",\"item\":\"https:\/\/westsideistanbul2.com\/\"},{\"@type\":\"ListItem\",\"position\":2,\"name\":\"Kurallar\"}]},{\"@type\":\"WebSite\",\"@id\":\"https:\/\/westsideistanbul2.com\/#website\",\"url\":\"https:\/\/westsideistanbul2.com\/\",\"name\":\"West Side \u0130stanbul2\",\"description\":\"\",\"publisher\":{\"@id\":\"https:\/\/westsideistanbul2.com\/#organization\"},\"potentialAction\":[{\"@type\":\"SearchAction\",\"target\":{\"@type\":\"EntryPoint\",\"urlTemplate\":\"https:\/\/westsideistanbul2.com\/?s={search_term_string}\"},\"query-input\":{\"@type\":\"PropertyValueSpecification\",\"valueRequired\":true,\"valueName\":\"search_term_string\"}}],\"inLanguage\":\"tr\"},{\"@type\":\"Organization\",\"@id\":\"https:\/\/westsideistanbul2.com\/#organization\",\"name\":\"West Side \u0130stanbul2\",\"url\":\"https:\/\/westsideistanbul2.com\/\",\"logo\":{\"@type\":\"ImageObject\",\"inLanguage\":\"tr\",\"@id\":\"https:\/\/westsideistanbul2.com\/#\/schema\/logo\/image\/\",\"url\":\"https:\/\/westsideistanbul2.com\/wp-content\/uploads\/2024\/11\/LOGO1.png\",\"contentUrl\":\"https:\/\/westsideistanbul2.com\/wp-content\/uploads\/2024\/11\/LOGO1.png\",\"width\":396,\"height\":152,\"caption\":\"West Side \u0130stanbul2\"},\"image\":{\"@id\":\"https:\/\/westsideistanbul2.com\/#\/schema\/logo\/image\/\"}}]}<\/script>\n<!-- \/ Yoast SEO plugin. -->","yoast_head_json":{"title":"Kurallar - West Side \u0130stanbul2","robots":{"index":"index","follow":"follow","max-snippet":"max-snippet:-1","max-image-preview":"max-image-preview:large","max-video-preview":"max-video-preview:-1"},"canonical":"https:\/\/westsideistanbul2.com\/indexphp\/kurallar\/","og_locale":"tr_TR","og_type":"article","og_title":"Kurallar - West Side \u0130stanbul2","og_description":"Ya\u015fam Kurallar\u0131 Site Ya\u015fam Kurallar\u0131 Ama\u00e7: WEST S\u0130DE-2 S\u0130TE Y\u00d6NET\u0130C\u0130L\u0130\u011e\u0130 Bar\u0131\u015f Mah. 810 Ada 3 Parsel WESTSIDE-2 Beylikdu\u0308zu\u0308\/\u0130stanbul adresinde bulunan site sakinlerinin, gu\u0308venli\u011finin ve huzurunun su\u0308reklili\u011fini e\u015fitlik ilkesine sad\u0131k kalarak sa\u011flamak amac\u0131yla Toplu Yap\u0131 Y\u00f6netim Plan\u0131nda belirtilen yetki ve sorumluluklar\u0131n Y\u00f6netim kurulu taraf\u0131ndan belirlenmesi, kat malikleri ve kirac\u0131lar\u0131n uymas\u0131 gereken kurallar\u0131 tan\u0131mlamakt\u0131r. Kapsam ve Ge\u00e7erlilik: [&hellip;]","og_url":"https:\/\/westsideistanbul2.com\/indexphp\/kurallar\/","og_site_name":"West Side \u0130stanbul2","article_modified_time":"2025-04-24T20:09:27+00:00","twitter_card":"summary_large_image","twitter_misc":{"Tahmini okuma s\u00fcresi":"2 dakika"},"schema":{"@context":"https:\/\/schema.org","@graph":[{"@type":"WebPage","@id":"https:\/\/westsideistanbul2.com\/indexphp\/kurallar\/","url":"https:\/\/westsideistanbul2.com\/indexphp\/kurallar\/","name":"Kurallar - West Side \u0130stanbul2","isPartOf":{"@id":"https:\/\/westsideistanbul2.com\/#website"},"datePublished":"2025-04-11T08:51:29+00:00","dateModified":"2025-04-24T20:09:27+00:00","breadcrumb":{"@id":"https:\/\/westsideistanbul2.com\/indexphp\/kurallar\/#breadcrumb"},"inLanguage":"tr","potentialAction":[{"@type":"ReadAction","target":["https:\/\/westsideistanbul2.com\/indexphp\/kurallar\/"]}]},{"@type":"BreadcrumbList","@id":"https:\/\/westsideistanbul2.com\/indexphp\/kurallar\/#breadcrumb","itemListElement":[{"@type":"ListItem","position":1,"name":"Anasayfa","item":"https:\/\/westsideistanbul2.com\/"},{"@type":"ListItem","position":2,"name":"Kurallar"}]},{"@type":"WebSite","@id":"https:\/\/westsideistanbul2.com\/#website","url":"https:\/\/westsideistanbul2.com\/","name":"West Side \u0130stanbul2","description":"","publisher":{"@id":"https:\/\/westsideistanbul2.com\/#organization"},"potentialAction":[{"@type":"SearchAction","target":{"@type":"EntryPoint","urlTemplate":"https:\/\/westsideistanbul2.com\/?s={search_term_string}"},"query-input":{"@type":"PropertyValueSpecification","valueRequired":true,"valueName":"search_term_string"}}],"inLanguage":"tr"},{"@type":"Organization","@id":"https:\/\/westsideistanbul2.com\/#organization","name":"West Side \u0130stanbul2","url":"https:\/\/westsideistanbul2.com\/","logo":{"@type":"ImageObject","inLanguage":"tr","@id":"https:\/\/westsideistanbul2.com\/#\/schema\/logo\/image\/","url":"https:\/\/westsideistanbul2.com\/wp-content\/uploads\/2024\/11\/LOGO1.png","contentUrl":"https:\/\/westsideistanbul2.com\/wp-content\/uploads\/2024\/11\/LOGO1.png","width":396,"height":152,"caption":"West Side \u0130stanbul2"},"image":{"@id":"https:\/\/westsideistanbul2.com\/#\/schema\/logo\/image\/"}}]}},"_links":{"self":[{"href":"https:\/\/westsideistanbul2.com\/index.php\/wp-json\/wp\/v2\/pages\/290","targetHints":{"allow":["GET"]}}],"collection":[{"href":"https:\/\/westsideistanbul2.com\/index.php\/wp-json\/wp\/v2\/pages"}],"about":[{"href":"https:\/\/westsideistanbul2.com\/index.php\/wp-json\/wp\/v2\/types\/page"}],"author":[{"embeddable":true,"href":"https:\/\/westsideistanbul2.com\/index.php\/wp-json\/wp\/v2\/users\/1"}],"replies":[{"embeddable":true,"href":"https:\/\/westsideistanbul2.com\/index.php\/wp-json\/wp\/v2\/comments?post=290"}],"version-history":[{"count":40,"href":"https:\/\/westsideistanbul2.com\/index.php\/wp-json\/wp\/v2\/pages\/290\/revisions"}],"predecessor-version":[{"id":809,"href":"https:\/\/westsideistanbul2.com\/index.php\/wp-json\/wp\/v2\/pages\/290\/revisions\/809"}],"wp:attachment":[{"href":"https:\/\/westsideistanbul2.com\/index.php\/wp-json\/wp\/v2\/media?parent=290"}],"curies":[{"name":"wp","href":"https:\/\/api.w.org\/{rel}","templated":true}]}}