{"id":14,"date":"2024-11-18T16:48:54","date_gmt":"2024-11-18T16:48:54","guid":{"rendered":"https:\/\/westsideistanbul2.com\/?page_id=14"},"modified":"2025-04-14T07:06:55","modified_gmt":"2025-04-14T07:06:55","slug":"iletisim","status":"publish","type":"page","link":"https:\/\/westsideistanbul2.com\/indexphp\/iletisim\/","title":{"rendered":"\u0130leti\u015fim"},"content":{"rendered":"\t\t<div data-elementor-type=\"wp-page\" data-elementor-id=\"14\" class=\"elementor elementor-14\" data-elementor-post-type=\"page\">\n\t\t\t\t<div class=\"elementor-element elementor-element-b179a35 e-flex e-con-boxed e-con e-parent\" data-id=\"b179a35\" data-element_type=\"container\" data-settings=\"{&quot;background_background&quot;:&quot;classic&quot;}\">\n\t\t\t\t\t<div class=\"e-con-inner\">\n\t\t<div class=\"elementor-element elementor-element-ba2b4bb e-con-full e-flex e-con e-child\" data-id=\"ba2b4bb\" data-element_type=\"container\">\n\t\t\t\t<div class=\"elementor-element elementor-element-d581e92 elementor-widget elementor-widget-heading\" data-id=\"d581e92\" data-element_type=\"widget\" data-widget_type=\"heading.default\">\n\t\t\t\t<div class=\"elementor-widget-container\">\n\t\t\t<h2 class=\"elementor-heading-title elementor-size-default\">\u0130leti\u015fim<\/h2>\t\t<\/div>\n\t\t\t\t<\/div>\n\t\t\t\t<\/div>\n\t\t\t\t\t<\/div>\n\t\t\t\t<\/div>\n\t\t<div class=\"elementor-element elementor-element-f5c7a58 e-flex e-con-boxed e-con e-parent\" data-id=\"f5c7a58\" data-element_type=\"container\" data-settings=\"{&quot;background_background&quot;:&quot;gradient&quot;}\">\n\t\t\t\t\t<div class=\"e-con-inner\">\n\t\t<div class=\"elementor-element elementor-element-327fb67d e-con-full e-flex e-con e-child\" data-id=\"327fb67d\" data-element_type=\"container\">\n\t\t\t\t<div class=\"elementor-element elementor-element-4568e583 elementor-widget__width-inherit elementor-widget-divider--view-line elementor-widget elementor-widget-divider\" data-id=\"4568e583\" data-element_type=\"widget\" data-widget_type=\"divider.default\">\n\t\t\t\t<div class=\"elementor-widget-container\">\n\t\t\t\t\t<div class=\"elementor-divider\">\n\t\t\t<span class=\"elementor-divider-separator\">\n\t\t\t\t\t\t<\/span>\n\t\t<\/div>\n\t\t\t\t<\/div>\n\t\t\t\t<\/div>\n\t\t\t\t<div class=\"elementor-element elementor-element-46ab3cd elementor-widget elementor-widget-icon-box\" data-id=\"46ab3cd\" data-element_type=\"widget\" data-widget_type=\"icon-box.default\">\n\t\t\t\t<div class=\"elementor-widget-container\">\n\t\t\t\t\t<div class=\"elementor-icon-box-wrapper\">\n\n\t\t\t\n\t\t\t\t\t\t<div class=\"elementor-icon-box-content\">\n\n\t\t\t\t\n\t\t\t\t\t\t\t\t\t<p class=\"elementor-icon-box-description\">\n\t\t\t\t\t\tBar\u0131\u015f, Mehmet\u00e7ik Cd. No:10, <br>34520 Beylikd\u00fcz\u00fc\/\u0130stanbul\t\t\t\t\t<\/p>\n\t\t\t\t\n\t\t\t<\/div>\n\t\t\t\n\t\t<\/div>\n\t\t\t\t<\/div>\n\t\t\t\t<\/div>\n\t\t\t\t<\/div>\n\t\t<div class=\"elementor-element elementor-element-2d573ac0 e-con-full e-flex e-con e-child\" data-id=\"2d573ac0\" data-element_type=\"container\">\n\t\t\t\t<div class=\"elementor-element elementor-element-31e91ed9 elementor-widget__width-inherit elementor-widget-divider--view-line elementor-widget elementor-widget-divider\" data-id=\"31e91ed9\" data-element_type=\"widget\" data-widget_type=\"divider.default\">\n\t\t\t\t<div class=\"elementor-widget-container\">\n\t\t\t\t\t<div class=\"elementor-divider\">\n\t\t\t<span class=\"elementor-divider-separator\">\n\t\t\t\t\t\t<\/span>\n\t\t<\/div>\n\t\t\t\t<\/div>\n\t\t\t\t<\/div>\n\t\t\t\t<div class=\"elementor-element elementor-element-1ac37a2e elementor-widget elementor-widget-icon-box\" data-id=\"1ac37a2e\" data-element_type=\"widget\" data-widget_type=\"icon-box.default\">\n\t\t\t\t<div class=\"elementor-widget-container\">\n\t\t\t\t\t<div class=\"elementor-icon-box-wrapper\">\n\n\t\t\t\n\t\t\t\t\t\t<div class=\"elementor-icon-box-content\">\n\n\t\t\t\t\n\t\t\t\t\t\t\t\t\t<p class=\"elementor-icon-box-description\">\n\t\t\t\t\t\t0850 242 0708<BR>\nhalklailisikiler@westsideistanbul2.com\t\t\t\t\t<\/p>\n\t\t\t\t\n\t\t\t<\/div>\n\t\t\t\n\t\t<\/div>\n\t\t\t\t<\/div>\n\t\t\t\t<\/div>\n\t\t\t\t<\/div>\n\t\t<div class=\"elementor-element elementor-element-5376d4c4 e-con-full e-flex e-con e-child\" data-id=\"5376d4c4\" data-element_type=\"container\">\n\t\t\t\t<div class=\"elementor-element elementor-element-49e240eb elementor-widget__width-inherit elementor-widget-divider--view-line elementor-widget elementor-widget-divider\" data-id=\"49e240eb\" data-element_type=\"widget\" data-widget_type=\"divider.default\">\n\t\t\t\t<div class=\"elementor-widget-container\">\n\t\t\t\t\t<div class=\"elementor-divider\">\n\t\t\t<span class=\"elementor-divider-separator\">\n\t\t\t\t\t\t<\/span>\n\t\t<\/div>\n\t\t\t\t<\/div>\n\t\t\t\t<\/div>\n\t\t\t\t<div class=\"elementor-element elementor-element-37dfe146 elementor-widget elementor-widget-icon-box\" data-id=\"37dfe146\" data-element_type=\"widget\" data-widget_type=\"icon-box.default\">\n\t\t\t\t<div class=\"elementor-widget-container\">\n\t\t\t\t\t<div class=\"elementor-icon-box-wrapper\">\n\n\t\t\t\n\t\t\t\t\t\t<div class=\"elementor-icon-box-content\">\n\n\t\t\t\t\n\t\t\t\t\t\t\t\t\t<p class=\"elementor-icon-box-description\">\n\t\t\t\t\t\tPAZARTES\u0130 - CUMA 09:00  \/ 18:00\nCUMARTES\u0130 09:00 \/ 12:30\t\t\t\t\t<\/p>\n\t\t\t\t\n\t\t\t<\/div>\n\t\t\t\n\t\t<\/div>\n\t\t\t\t<\/div>\n\t\t\t\t<\/div>\n\t\t\t\t<\/div>\n\t\t\t\t\t<\/div>\n\t\t\t\t<\/div>\n\t\t<div class=\"elementor-element elementor-element-431b5a46 e-con-full e-flex e-con e-parent\" data-id=\"431b5a46\" data-element_type=\"container\">\n\t\t\t\t<div class=\"elementor-element elementor-element-4f26d4aa elementor-widget elementor-widget-google_maps\" data-id=\"4f26d4aa\" data-element_type=\"widget\" data-widget_type=\"google_maps.default\">\n\t\t\t\t<div class=\"elementor-widget-container\">\n\t\t\t\t\t<div class=\"elementor-custom-embed\">\n\t\t\t<iframe loading=\"lazy\"\n\t\t\t\t\tsrc=\"https:\/\/maps.google.com\/maps?q=Westside%20%C4%B0stanbul%202&#038;t=m&#038;z=12&#038;output=embed&#038;iwloc=near\"\n\t\t\t\t\ttitle=\"Westside \u0130stanbul 2\"\n\t\t\t\t\taria-label=\"Westside \u0130stanbul 2\"\n\t\t\t><\/iframe>\n\t\t<\/div>\n\t\t\t\t<\/div>\n\t\t\t\t<\/div>\n\t\t\t\t<\/div>\n\t\t\t\t<\/div>\n\t\t","protected":false},"excerpt":{"rendered":"<p>\u0130leti\u015fim Bar\u0131\u015f, Mehmet\u00e7ik Cd. No:10, 34520 Beylikd\u00fcz\u00fc\/\u0130stanbul 0850 242 0708 halklailisikiler@westsideistanbul2.com PAZARTES\u0130 &#8211; CUMA 09:00 \/ 18:00 CUMARTES\u0130 09:00 \/ 12:30<\/p>\n","protected":false},"author":1,"featured_media":0,"parent":0,"menu_order":0,"comment_status":"closed","ping_status":"closed","template":"","meta":{"footnotes":""},"class_list":["post-14","page","type-page","status-publish","hentry"],"yoast_head":"<!-- This site is optimized with the Yoast SEO plugin v24.8.1 - https:\/\/yoast.com\/wordpress\/plugins\/seo\/ -->\n<title>\u0130leti\u015fim - West Side \u0130stanbul2<\/title>\n<meta name=\"robots\" content=\"index, follow, max-snippet:-1, max-image-preview:large, max-video-preview:-1\" \/>\n<link rel=\"canonical\" href=\"https:\/\/westsideistanbul2.com\/indexphp\/iletisim\/\" \/>\n<meta property=\"og:locale\" content=\"tr_TR\" \/>\n<meta property=\"og:type\" content=\"article\" \/>\n<meta property=\"og:title\" content=\"\u0130leti\u015fim - West Side \u0130stanbul2\" \/>\n<meta property=\"og:description\" content=\"\u0130leti\u015fim Bar\u0131\u015f, Mehmet\u00e7ik Cd. No:10, 34520 Beylikd\u00fcz\u00fc\/\u0130stanbul 0850 242 0708 halklailisikiler@westsideistanbul2.com PAZARTES\u0130 &#8211; CUMA 09:00 \/ 18:00 CUMARTES\u0130 09:00 \/ 12:30\" \/>\n<meta property=\"og:url\" content=\"https:\/\/westsideistanbul2.com\/indexphp\/iletisim\/\" \/>\n<meta property=\"og:site_name\" content=\"West Side \u0130stanbul2\" \/>\n<meta property=\"article:modified_time\" content=\"2025-04-14T07:06:55+00:00\" \/>\n<meta name=\"twitter:card\" content=\"summary_large_image\" \/>\n<meta name=\"twitter:label1\" content=\"Tahmini okuma s\u00fcresi\" \/>\n\t<meta name=\"twitter:data1\" content=\"1 dakika\" \/>\n<script type=\"application\/ld+json\" class=\"yoast-schema-graph\">{\"@context\":\"https:\/\/schema.org\",\"@graph\":[{\"@type\":\"WebPage\",\"@id\":\"https:\/\/westsideistanbul2.com\/indexphp\/iletisim\/\",\"url\":\"https:\/\/westsideistanbul2.com\/indexphp\/iletisim\/\",\"name\":\"\u0130leti\u015fim - West Side \u0130stanbul2\",\"isPartOf\":{\"@id\":\"https:\/\/westsideistanbul2.com\/#website\"},\"datePublished\":\"2024-11-18T16:48:54+00:00\",\"dateModified\":\"2025-04-14T07:06:55+00:00\",\"breadcrumb\":{\"@id\":\"https:\/\/westsideistanbul2.com\/indexphp\/iletisim\/#breadcrumb\"},\"inLanguage\":\"tr\",\"potentialAction\":[{\"@type\":\"ReadAction\",\"target\":[\"https:\/\/westsideistanbul2.com\/indexphp\/iletisim\/\"]}]},{\"@type\":\"BreadcrumbList\",\"@id\":\"https:\/\/westsideistanbul2.com\/indexphp\/iletisim\/#breadcrumb\",\"itemListElement\":[{\"@type\":\"ListItem\",\"position\":1,\"name\":\"Anasayfa\",\"item\":\"https:\/\/westsideistanbul2.com\/\"},{\"@type\":\"ListItem\",\"position\":2,\"name\":\"\u0130leti\u015fim\"}]},{\"@type\":\"WebSite\",\"@id\":\"https:\/\/westsideistanbul2.com\/#website\",\"url\":\"https:\/\/westsideistanbul2.com\/\",\"name\":\"West Side \u0130stanbul2\",\"description\":\"\",\"publisher\":{\"@id\":\"https:\/\/westsideistanbul2.com\/#organization\"},\"potentialAction\":[{\"@type\":\"SearchAction\",\"target\":{\"@type\":\"EntryPoint\",\"urlTemplate\":\"https:\/\/westsideistanbul2.com\/?s={search_term_string}\"},\"query-input\":{\"@type\":\"PropertyValueSpecification\",\"valueRequired\":true,\"valueName\":\"search_term_string\"}}],\"inLanguage\":\"tr\"},{\"@type\":\"Organization\",\"@id\":\"https:\/\/westsideistanbul2.com\/#organization\",\"name\":\"West Side \u0130stanbul2\",\"url\":\"https:\/\/westsideistanbul2.com\/\",\"logo\":{\"@type\":\"ImageObject\",\"inLanguage\":\"tr\",\"@id\":\"https:\/\/westsideistanbul2.com\/#\/schema\/logo\/image\/\",\"url\":\"https:\/\/westsideistanbul2.com\/wp-content\/uploads\/2024\/11\/LOGO1.png\",\"contentUrl\":\"https:\/\/westsideistanbul2.com\/wp-content\/uploads\/2024\/11\/LOGO1.png\",\"width\":396,\"height\":152,\"caption\":\"West Side \u0130stanbul2\"},\"image\":{\"@id\":\"https:\/\/westsideistanbul2.com\/#\/schema\/logo\/image\/\"}}]}<\/script>\n<!-- \/ Yoast SEO plugin. -->","yoast_head_json":{"title":"\u0130leti\u015fim - West Side \u0130stanbul2","robots":{"index":"index","follow":"follow","max-snippet":"max-snippet:-1","max-image-preview":"max-image-preview:large","max-video-preview":"max-video-preview:-1"},"canonical":"https:\/\/westsideistanbul2.com\/indexphp\/iletisim\/","og_locale":"tr_TR","og_type":"article","og_title":"\u0130leti\u015fim - West Side \u0130stanbul2","og_description":"\u0130leti\u015fim Bar\u0131\u015f, Mehmet\u00e7ik Cd. No:10, 34520 Beylikd\u00fcz\u00fc\/\u0130stanbul 0850 242 0708 halklailisikiler@westsideistanbul2.com PAZARTES\u0130 &#8211; CUMA 09:00 \/ 18:00 CUMARTES\u0130 09:00 \/ 12:30","og_url":"https:\/\/westsideistanbul2.com\/indexphp\/iletisim\/","og_site_name":"West Side \u0130stanbul2","article_modified_time":"2025-04-14T07:06:55+00:00","twitter_card":"summary_large_image","twitter_misc":{"Tahmini okuma s\u00fcresi":"1 dakika"},"schema":{"@context":"https:\/\/schema.org","@graph":[{"@type":"WebPage","@id":"https:\/\/westsideistanbul2.com\/indexphp\/iletisim\/","url":"https:\/\/westsideistanbul2.com\/indexphp\/iletisim\/","name":"\u0130leti\u015fim - West Side \u0130stanbul2","isPartOf":{"@id":"https:\/\/westsideistanbul2.com\/#website"},"datePublished":"2024-11-18T16:48:54+00:00","dateModified":"2025-04-14T07:06:55+00:00","breadcrumb":{"@id":"https:\/\/westsideistanbul2.com\/indexphp\/iletisim\/#breadcrumb"},"inLanguage":"tr","potentialAction":[{"@type":"ReadAction","target":["https:\/\/westsideistanbul2.com\/indexphp\/iletisim\/"]}]},{"@type":"BreadcrumbList","@id":"https:\/\/westsideistanbul2.com\/indexphp\/iletisim\/#breadcrumb","itemListElement":[{"@type":"ListItem","position":1,"name":"Anasayfa","item":"https:\/\/westsideistanbul2.com\/"},{"@type":"ListItem","position":2,"name":"\u0130leti\u015fim"}]},{"@type":"WebSite","@id":"https:\/\/westsideistanbul2.com\/#website","url":"https:\/\/westsideistanbul2.com\/","name":"West Side \u0130stanbul2","description":"","publisher":{"@id":"https:\/\/westsideistanbul2.com\/#organization"},"potentialAction":[{"@type":"SearchAction","target":{"@type":"EntryPoint","urlTemplate":"https:\/\/westsideistanbul2.com\/?s={search_term_string}"},"query-input":{"@type":"PropertyValueSpecification","valueRequired":true,"valueName":"search_term_string"}}],"inLanguage":"tr"},{"@type":"Organization","@id":"https:\/\/westsideistanbul2.com\/#organization","name":"West Side \u0130stanbul2","url":"https:\/\/westsideistanbul2.com\/","logo":{"@type":"ImageObject","inLanguage":"tr","@id":"https:\/\/westsideistanbul2.com\/#\/schema\/logo\/image\/","url":"https:\/\/westsideistanbul2.com\/wp-content\/uploads\/2024\/11\/LOGO1.png","contentUrl":"https:\/\/westsideistanbul2.com\/wp-content\/uploads\/2024\/11\/LOGO1.png","width":396,"height":152,"caption":"West Side \u0130stanbul2"},"image":{"@id":"https:\/\/westsideistanbul2.com\/#\/schema\/logo\/image\/"}}]}},"_links":{"self":[{"href":"https:\/\/westsideistanbul2.com\/index.php\/wp-json\/wp\/v2\/pages\/14","targetHints":{"allow":["GET"]}}],"collection":[{"href":"https:\/\/westsideistanbul2.com\/index.php\/wp-json\/wp\/v2\/pages"}],"about":[{"href":"https:\/\/westsideistanbul2.com\/index.php\/wp-json\/wp\/v2\/types\/page"}],"author":[{"embeddable":true,"href":"https:\/\/westsideistanbul2.com\/index.php\/wp-json\/wp\/v2\/users\/1"}],"replies":[{"embeddable":true,"href":"https:\/\/westsideistanbul2.com\/index.php\/wp-json\/wp\/v2\/comments?post=14"}],"version-history":[{"count":22,"href":"https:\/\/westsideistanbul2.com\/index.php\/wp-json\/wp\/v2\/pages\/14\/revisions"}],"predecessor-version":[{"id":643,"href":"https:\/\/westsideistanbul2.com\/index.php\/wp-json\/wp\/v2\/pages\/14\/revisions\/643"}],"wp:attachment":[{"href":"https:\/\/westsideistanbul2.com\/index.php\/wp-json\/wp\/v2\/media?parent=14"}],"curies":[{"name":"wp","href":"https:\/\/api.w.org\/{rel}","templated":true}]}}